{"id":6320,"date":"2021-05-07T21:27:38","date_gmt":"2021-05-07T19:27:38","guid":{"rendered":"https:\/\/www.highnoon.art\/?page_id=6320"},"modified":"2024-09-10T21:28:45","modified_gmt":"2024-09-10T19:28:45","slug":"boote-serie-venedig","status":"publish","type":"page","link":"https:\/\/www.highnoon.art\/it\/boote-serie-venedig\/","title":{"rendered":"Barche Serie Venezia"},"content":{"rendered":"<div data-elementor-type=\"wp-page\" data-elementor-id=\"6320\" class=\"elementor elementor-6320\" data-elementor-post-type=\"page\">\n\t\t\t\t\t\t<section class=\"elementor-section elementor-top-section elementor-element elementor-element-24bdd9a elementor-section-boxed elementor-section-height-default elementor-section-height-default\" data-id=\"24bdd9a\" data-element_type=\"section\" data-e-type=\"section\">\n\t\t\t\t\t\t<div class=\"elementor-container elementor-column-gap-default\">\n\t\t\t\t\t<div class=\"elementor-column elementor-col-100 elementor-top-column elementor-element elementor-element-497103f\" data-id=\"497103f\" data-element_type=\"column\" data-e-type=\"column\">\n\t\t\t<div class=\"elementor-widget-wrap elementor-element-populated\">\n\t\t\t\t\t\t<div class=\"elementor-element elementor-element-09b7898 elementor-widget elementor-widget-heading\" data-id=\"09b7898\" data-element_type=\"widget\" data-e-type=\"widget\" data-widget_type=\"heading.default\">\n\t\t\t\t<div class=\"elementor-widget-container\">\n\t\t\t\t\t<h2 class=\"elementor-heading-title elementor-size-default\">Barche senza pilota a Venezia<\/h2>\t\t\t\t<\/div>\n\t\t\t\t<\/div>\n\t\t\t\t<div class=\"elementor-element elementor-element-c7de8f0 elementor-widget elementor-widget-text-editor\" data-id=\"c7de8f0\" data-element_type=\"widget\" data-e-type=\"widget\" data-widget_type=\"text-editor.default\">\n\t\t\t\t<div class=\"elementor-widget-container\">\n\t\t\t\t\t\t\t\t\t<div class=\"page\" title=\"Pagina 1\"><div class=\"layoutArea\"><div class=\"column\"><p>una protesta contro un attacco razzista<\/p><\/div><\/div><\/div>\t\t\t\t\t\t\t\t<\/div>\n\t\t\t\t<\/div>\n\t\t\t\t<div class=\"elementor-element elementor-element-97f4aea elementor-widget elementor-widget-text-editor\" data-id=\"97f4aea\" data-element_type=\"widget\" data-e-type=\"widget\" data-widget_type=\"text-editor.default\">\n\t\t\t\t<div class=\"elementor-widget-container\">\n\t\t\t\t\t\t\t\t\t<div class=\"page\" title=\"Pagina 1\"><div class=\"layoutArea\"><div class=\"column\">Il 14 novembre 2020, ho iniziato a girare al mattino per il mio <strong><em>Serie High Noon<\/em><\/strong> iniziato a Venezia. Nel <em>Fondamenta Garzotti<\/em> Ho assistito a un incidente scioccante intorno alle 11:30, che ha fatto scattare l'idea di eliminare i barcaioli dal filmato.\u00a0<\/div><\/div><div class=\"layoutArea\"><div class=\"column\"><div class=\"page\" title=\"Pagina 1\"><div class=\"layoutArea\"><div class=\"column\"><p>Ero in piedi lungo il suddetto canale e ho visto una scena di fronte a me con un'insegna pubblicitaria gialla di un albergo sul <em>Calle Contarina<\/em> per fotografare. Avevo montato il treppiede ed ero concentrato sulla regolazione della macchina fotografica. A questo punto, non avevo incontrato nessuno per almeno 20 minuti, quindi pensavo di essere sola.<\/p><\/div><\/div><\/div><\/div><\/div><\/div>\t\t\t\t\t\t\t\t<\/div>\n\t\t\t\t<\/div>\n\t\t\t\t<section class=\"elementor-section elementor-inner-section elementor-element elementor-element-b370269 elementor-section-boxed elementor-section-height-default elementor-section-height-default\" data-id=\"b370269\" data-element_type=\"section\" data-e-type=\"section\">\n\t\t\t\t\t\t<div class=\"elementor-container elementor-column-gap-default\">\n\t\t\t\t\t<div class=\"elementor-column elementor-col-50 elementor-inner-column elementor-element elementor-element-ec39774\" data-id=\"ec39774\" data-element_type=\"column\" data-e-type=\"column\">\n\t\t\t<div class=\"elementor-widget-wrap elementor-element-populated\">\n\t\t\t\t\t\t<div class=\"elementor-element elementor-element-0c47497 elementor-widget elementor-widget-image\" data-id=\"0c47497\" data-element_type=\"widget\" data-e-type=\"widget\" data-widget_type=\"image.default\">\n\t\t\t\t<div class=\"elementor-widget-container\">\n\t\t\t\t\t\t\t\t\t\t\t\t\t\t\t<img decoding=\"async\" src=\"https:\/\/www.highnoon.art\/wp-content\/uploads\/2021\/07\/DSF6420_Final_retouch_Virus_embedded_square-scaled.jpg\" title=\"\" alt=\"\" loading=\"lazy\" \/>\t\t\t\t\t\t\t\t\t\t\t\t\t\t\t<\/div>\n\t\t\t\t<\/div>\n\t\t\t\t\t<\/div>\n\t\t<\/div>\n\t\t\t\t<div class=\"elementor-column elementor-col-50 elementor-inner-column elementor-element elementor-element-96babf7\" data-id=\"96babf7\" data-element_type=\"column\" data-e-type=\"column\">\n\t\t\t<div class=\"elementor-widget-wrap\">\n\t\t\t\t\t\t\t<\/div>\n\t\t<\/div>\n\t\t\t\t\t<\/div>\n\t\t<\/section>\n\t\t\t\t<div class=\"elementor-element elementor-element-12a0111 elementor-widget elementor-widget-text-editor\" data-id=\"12a0111\" data-element_type=\"widget\" data-e-type=\"widget\" data-widget_type=\"text-editor.default\">\n\t\t\t\t<div class=\"elementor-widget-container\">\n\t\t\t\t\t\t\t\t\t<div class=\"page\" title=\"Pagina 1\"><div class=\"layoutArea\"><div class=\"column\"><p>La situazione \u00e8 cambiata solo quando, a un certo punto, ho sentito alle mie spalle dei rumori di barca e, allo stesso tempo, dei rumori di scimmia sempre pi\u00f9 forti. Mi sono girato e ho visto la scena seguente:<\/p><p>A circa 15 metri dietro di me c'era un uomo vestito di nero, che mi sembrava trasandato, tra i cinquanta e i sessanta. Mentre si trovava nel canale, una barca da carico, guidata da un <em>Persona di colore<\/em>Quando gli pass\u00f2 accanto, fece un forte rumore di scimmia.<\/p><p>A spaventare non \u00e8 stato solo l'incidente in s\u00e9, ma l'odio sfrenato di cui \u00e8 stato vittima il barcaiolo, perch\u00e9 i versi delle scimmie non si sono fermati per minuti. Solo quando la barca era appena percettibile e infine non pi\u00f9 visibile.<\/p><p>Ero paralizzato: l'unica cosa che sono stato in grado di fare in quella situazione \u00e8 stato dire un forte \"fascista\" e un gesto del tergicristallo all'aggressore. A distanza di tempo, mi chiedo cosa sia successo a questa persona pietosa nella vita che ha cercato di migliorare la propria esistenza umiliando un'altra persona.<\/p><div class=\"page\" title=\"Pagina 1\"><div class=\"layoutArea\"><div class=\"column\"><p><strong>Quando le persone fanno la figura della scimmia<\/strong><br \/>La stupidit\u00e0 che diventa invadente, che mostra il suo volto nel disumano, deve essere affrontata. Lo faccio con le mie possibilit\u00e0. \u00c8 un tentativo, nonostante la gravit\u00e0 e la seriet\u00e0 dell'evento, di esprimere la mia solidariet\u00e0 alla persona aggredita, anche con una strizzatina d'occhio e una certa ironia. Una protesta silenziosa che speriamo diventi molto rumorosa.<\/p><\/div><\/div><\/div><p>Da questa inquietante esperienza \u00e8 nata l'idea di fotografare le barche nei canali di Venezia e, per un atteggiamento di protesta artistica, eliminare i rispettivi barcaioli dalle immagini.<\/p><p>Quando un <em>Persona di colore<\/em> non pu\u00f2 attraversare Venezia in barca senza essere aggredito, ferito o insultato, allora nessuno nelle mie foto dovrebbe farlo!<\/p><div class=\"page\" title=\"Pagina 1\"><div class=\"layoutArea\"><div class=\"column\"><p>Vorrei mettere all'asta uno dei quadri della serie a Venezia. Se la vittima sar\u00e0 identificata, ricever\u00e0 il ricavato, altrimenti i soldi andranno a un'associazione per la prevenzione del razzismo e della violenza in Veneto.<\/p><div class=\"page\" title=\"Pagina 1\"><div class=\"layoutArea\"><div class=\"column\"><p>Julian Kirschler<\/p><p><span style=\"color: #db1529;\"><a href=\"https:\/\/www.highnoon.art\/it\/venedig-boote\/\"><strong>Alla galleria di immagini<\/strong><\/a><\/span><\/p><\/div><\/div><\/div><\/div><\/div><\/div><\/div><\/div><\/div>\t\t\t\t\t\t\t\t<\/div>\n\t\t\t\t<\/div>\n\t\t\t\t<section class=\"elementor-section elementor-inner-section elementor-element elementor-element-682d6c6 elementor-section-boxed elementor-section-height-default elementor-section-height-default\" data-id=\"682d6c6\" data-element_type=\"section\" data-e-type=\"section\">\n\t\t\t\t\t\t<div class=\"elementor-container elementor-column-gap-default\">\n\t\t\t\t\t<div class=\"elementor-column elementor-col-50 elementor-inner-column elementor-element elementor-element-ec2e866\" data-id=\"ec2e866\" data-element_type=\"column\" data-e-type=\"column\">\n\t\t\t<div class=\"elementor-widget-wrap elementor-element-populated\">\n\t\t\t\t\t\t<div class=\"elementor-element elementor-element-76d5d3e elementor-widget elementor-widget-image\" data-id=\"76d5d3e\" data-element_type=\"widget\" data-e-type=\"widget\" data-widget_type=\"image.default\">\n\t\t\t\t<div class=\"elementor-widget-container\">\n\t\t\t\t\t\t\t\t\t\t\t\t\t\t\t<img decoding=\"async\" src=\"https:\/\/www.highnoon.art\/wp-content\/uploads\/2021\/07\/DSF6972_Final_retouch_Virus_embedded_cut-scaled.jpg\" title=\"\" alt=\"\" loading=\"lazy\" \/>\t\t\t\t\t\t\t\t\t\t\t\t\t\t\t<\/div>\n\t\t\t\t<\/div>\n\t\t\t\t\t<\/div>\n\t\t<\/div>\n\t\t\t\t<div class=\"elementor-column elementor-col-50 elementor-inner-column elementor-element elementor-element-9653ee9\" data-id=\"9653ee9\" data-element_type=\"column\" data-e-type=\"column\">\n\t\t\t<div class=\"elementor-widget-wrap\">\n\t\t\t\t\t\t\t<\/div>\n\t\t<\/div>\n\t\t\t\t\t<\/div>\n\t\t<\/section>\n\t\t\t\t\t<\/div>\n\t\t<\/div>\n\t\t\t\t\t<\/div>\n\t\t<\/section>\n\t\t\t\t<\/div>","protected":false},"excerpt":{"rendered":"<p>F\u00fchrerlose Boote in Venedig ein Protest gegen einen rassistischen U\u0308bergriff Am 14. November 2020 habe ich morgens mit Aufnahmen fu\u0308r meine High Noon Serie in Venedig begonnen. In der Fondamenta Garzotti wurde ich gegen 11:30 Uhr Zeuge eines erschu\u0308tternden Vorfalls, der Auslo\u0308ser fu\u0308r die Idee war die Bootsfu\u0308hrer aus den Aufnahmen heraus zu lo\u0308schen.\u00a0 Ich [&hellip;]<\/p>\n","protected":false},"author":1,"featured_media":0,"parent":0,"menu_order":0,"comment_status":"closed","ping_status":"closed","template":"elementor_header_footer","meta":{"footnotes":""},"class_list":["post-6320","page","type-page","status-publish","hentry"],"yoast_head":"<!-- This site is optimized with the Yoast SEO plugin v27.4 - https:\/\/yoast.com\/product\/yoast-seo-wordpress\/ -->\n<title>Boote Serie Venedig - High Noon<\/title>\n<meta name=\"robots\" content=\"index, follow, max-snippet:-1, max-image-preview:large, max-video-preview:-1\" \/>\n<link rel=\"canonical\" href=\"https:\/\/www.highnoon.art\/it\/boote-serie-venedig\/\" \/>\n<meta property=\"og:locale\" content=\"it_IT\" \/>\n<meta property=\"og:type\" content=\"article\" \/>\n<meta property=\"og:title\" content=\"Boote Serie Venedig - High Noon\" \/>\n<meta property=\"og:description\" content=\"F\u00fchrerlose Boote in Venedig ein Protest gegen einen rassistischen U\u0308bergriff Am 14. November 2020 habe ich morgens mit Aufnahmen fu\u0308r meine High Noon Serie in Venedig begonnen. In der Fondamenta Garzotti wurde ich gegen 11:30 Uhr Zeuge eines erschu\u0308tternden Vorfalls, der Auslo\u0308ser fu\u0308r die Idee war die Bootsfu\u0308hrer aus den Aufnahmen heraus zu lo\u0308schen.\u00a0 Ich [&hellip;]\" \/>\n<meta property=\"og:url\" content=\"https:\/\/www.highnoon.art\/it\/boote-serie-venedig\/\" \/>\n<meta property=\"og:site_name\" content=\"High Noon\" \/>\n<meta property=\"article:modified_time\" content=\"2024-09-10T19:28:45+00:00\" \/>\n<meta property=\"og:image\" content=\"https:\/\/www.highnoon.art\/wp-content\/uploads\/2021\/07\/DSF6420_Final_retouch_Virus_embedded_square-1024x1024.jpg\" \/>\n<meta name=\"twitter:card\" content=\"summary_large_image\" \/>\n<meta name=\"twitter:label1\" content=\"Tempo di lettura stimato\" \/>\n\t<meta name=\"twitter:data1\" content=\"3 minuti\" \/>\n<script type=\"application\/ld+json\" class=\"yoast-schema-graph\">{\"@context\":\"https:\\\/\\\/schema.org\",\"@graph\":[{\"@type\":\"WebPage\",\"@id\":\"https:\\\/\\\/www.highnoon.art\\\/boote-serie-venedig\\\/\",\"url\":\"https:\\\/\\\/www.highnoon.art\\\/boote-serie-venedig\\\/\",\"name\":\"Boote Serie Venedig - High Noon\",\"isPartOf\":{\"@id\":\"https:\\\/\\\/www.highnoon.art\\\/#website\"},\"primaryImageOfPage\":{\"@id\":\"https:\\\/\\\/www.highnoon.art\\\/boote-serie-venedig\\\/#primaryimage\"},\"image\":{\"@id\":\"https:\\\/\\\/www.highnoon.art\\\/boote-serie-venedig\\\/#primaryimage\"},\"thumbnailUrl\":\"https:\\\/\\\/www.highnoon.art\\\/wp-content\\\/uploads\\\/2021\\\/07\\\/DSF6420_Final_retouch_Virus_embedded_square-1024x1024.jpg\",\"datePublished\":\"2021-05-07T19:27:38+00:00\",\"dateModified\":\"2024-09-10T19:28:45+00:00\",\"breadcrumb\":{\"@id\":\"https:\\\/\\\/www.highnoon.art\\\/boote-serie-venedig\\\/#breadcrumb\"},\"inLanguage\":\"it-IT\",\"potentialAction\":[{\"@type\":\"ReadAction\",\"target\":[\"https:\\\/\\\/www.highnoon.art\\\/boote-serie-venedig\\\/\"]}]},{\"@type\":\"ImageObject\",\"inLanguage\":\"it-IT\",\"@id\":\"https:\\\/\\\/www.highnoon.art\\\/boote-serie-venedig\\\/#primaryimage\",\"url\":\"https:\\\/\\\/www.highnoon.art\\\/wp-content\\\/uploads\\\/2021\\\/07\\\/DSF6420_Final_retouch_Virus_embedded_square-1024x1024.jpg\",\"contentUrl\":\"https:\\\/\\\/www.highnoon.art\\\/wp-content\\\/uploads\\\/2021\\\/07\\\/DSF6420_Final_retouch_Virus_embedded_square-1024x1024.jpg\"},{\"@type\":\"BreadcrumbList\",\"@id\":\"https:\\\/\\\/www.highnoon.art\\\/boote-serie-venedig\\\/#breadcrumb\",\"itemListElement\":[{\"@type\":\"ListItem\",\"position\":1,\"name\":\"Startseite\",\"item\":\"https:\\\/\\\/www.highnoon.art\\\/\"},{\"@type\":\"ListItem\",\"position\":2,\"name\":\"Boote Serie Venedig\"}]},{\"@type\":\"WebSite\",\"@id\":\"https:\\\/\\\/www.highnoon.art\\\/#website\",\"url\":\"https:\\\/\\\/www.highnoon.art\\\/\",\"name\":\"High Noon\",\"description\":\"\",\"publisher\":{\"@id\":\"https:\\\/\\\/www.highnoon.art\\\/#organization\"},\"potentialAction\":[{\"@type\":\"SearchAction\",\"target\":{\"@type\":\"EntryPoint\",\"urlTemplate\":\"https:\\\/\\\/www.highnoon.art\\\/?s={search_term_string}\"},\"query-input\":{\"@type\":\"PropertyValueSpecification\",\"valueRequired\":true,\"valueName\":\"search_term_string\"}}],\"inLanguage\":\"it-IT\"},{\"@type\":\"Organization\",\"@id\":\"https:\\\/\\\/www.highnoon.art\\\/#organization\",\"name\":\"High Noon\",\"url\":\"https:\\\/\\\/www.highnoon.art\\\/\",\"logo\":{\"@type\":\"ImageObject\",\"inLanguage\":\"it-IT\",\"@id\":\"https:\\\/\\\/www.highnoon.art\\\/#\\\/schema\\\/logo\\\/image\\\/\",\"url\":\"https:\\\/\\\/www.highnoon.art\\\/wp-content\\\/uploads\\\/2021\\\/07\\\/high-noon_white_moved.jpg\",\"contentUrl\":\"https:\\\/\\\/www.highnoon.art\\\/wp-content\\\/uploads\\\/2021\\\/07\\\/high-noon_white_moved.jpg\",\"width\":1137,\"height\":159,\"caption\":\"High Noon\"},\"image\":{\"@id\":\"https:\\\/\\\/www.highnoon.art\\\/#\\\/schema\\\/logo\\\/image\\\/\"}}]}<\/script>\n<!-- \/ Yoast SEO plugin. -->","yoast_head_json":{"title":"Barche Serie Venezia - High Noon","robots":{"index":"index","follow":"follow","max-snippet":"max-snippet:-1","max-image-preview":"max-image-preview:large","max-video-preview":"max-video-preview:-1"},"canonical":"https:\/\/www.highnoon.art\/it\/boote-serie-venedig\/","og_locale":"it_IT","og_type":"article","og_title":"Boote Serie Venedig - High Noon","og_description":"F\u00fchrerlose Boote in Venedig ein Protest gegen einen rassistischen U\u0308bergriff Am 14. November 2020 habe ich morgens mit Aufnahmen fu\u0308r meine High Noon Serie in Venedig begonnen. In der Fondamenta Garzotti wurde ich gegen 11:30 Uhr Zeuge eines erschu\u0308tternden Vorfalls, der Auslo\u0308ser fu\u0308r die Idee war die Bootsfu\u0308hrer aus den Aufnahmen heraus zu lo\u0308schen.\u00a0 Ich [&hellip;]","og_url":"https:\/\/www.highnoon.art\/it\/boote-serie-venedig\/","og_site_name":"High Noon","article_modified_time":"2024-09-10T19:28:45+00:00","og_image":[{"url":"https:\/\/www.highnoon.art\/wp-content\/uploads\/2021\/07\/DSF6420_Final_retouch_Virus_embedded_square-1024x1024.jpg","type":"","width":"","height":""}],"twitter_card":"summary_large_image","twitter_misc":{"Tempo di lettura stimato":"3 minuti"},"schema":{"@context":"https:\/\/schema.org","@graph":[{"@type":"WebPage","@id":"https:\/\/www.highnoon.art\/boote-serie-venedig\/","url":"https:\/\/www.highnoon.art\/boote-serie-venedig\/","name":"Barche Serie Venezia - High Noon","isPartOf":{"@id":"https:\/\/www.highnoon.art\/#website"},"primaryImageOfPage":{"@id":"https:\/\/www.highnoon.art\/boote-serie-venedig\/#primaryimage"},"image":{"@id":"https:\/\/www.highnoon.art\/boote-serie-venedig\/#primaryimage"},"thumbnailUrl":"https:\/\/www.highnoon.art\/wp-content\/uploads\/2021\/07\/DSF6420_Final_retouch_Virus_embedded_square-1024x1024.jpg","datePublished":"2021-05-07T19:27:38+00:00","dateModified":"2024-09-10T19:28:45+00:00","breadcrumb":{"@id":"https:\/\/www.highnoon.art\/boote-serie-venedig\/#breadcrumb"},"inLanguage":"it-IT","potentialAction":[{"@type":"ReadAction","target":["https:\/\/www.highnoon.art\/boote-serie-venedig\/"]}]},{"@type":"ImageObject","inLanguage":"it-IT","@id":"https:\/\/www.highnoon.art\/boote-serie-venedig\/#primaryimage","url":"https:\/\/www.highnoon.art\/wp-content\/uploads\/2021\/07\/DSF6420_Final_retouch_Virus_embedded_square-1024x1024.jpg","contentUrl":"https:\/\/www.highnoon.art\/wp-content\/uploads\/2021\/07\/DSF6420_Final_retouch_Virus_embedded_square-1024x1024.jpg"},{"@type":"BreadcrumbList","@id":"https:\/\/www.highnoon.art\/boote-serie-venedig\/#breadcrumb","itemListElement":[{"@type":"ListItem","position":1,"name":"Startseite","item":"https:\/\/www.highnoon.art\/"},{"@type":"ListItem","position":2,"name":"Boote Serie Venedig"}]},{"@type":"WebSite","@id":"https:\/\/www.highnoon.art\/#website","url":"https:\/\/www.highnoon.art\/","name":"High Noon","description":"","publisher":{"@id":"https:\/\/www.highnoon.art\/#organization"},"potentialAction":[{"@type":"SearchAction","target":{"@type":"EntryPoint","urlTemplate":"https:\/\/www.highnoon.art\/?s={search_term_string}"},"query-input":{"@type":"PropertyValueSpecification","valueRequired":true,"valueName":"search_term_string"}}],"inLanguage":"it-IT"},{"@type":"Organization","@id":"https:\/\/www.highnoon.art\/#organization","name":"High Noon","url":"https:\/\/www.highnoon.art\/","logo":{"@type":"ImageObject","inLanguage":"it-IT","@id":"https:\/\/www.highnoon.art\/#\/schema\/logo\/image\/","url":"https:\/\/www.highnoon.art\/wp-content\/uploads\/2021\/07\/high-noon_white_moved.jpg","contentUrl":"https:\/\/www.highnoon.art\/wp-content\/uploads\/2021\/07\/high-noon_white_moved.jpg","width":1137,"height":159,"caption":"High Noon"},"image":{"@id":"https:\/\/www.highnoon.art\/#\/schema\/logo\/image\/"}}]}},"_links":{"self":[{"href":"https:\/\/www.highnoon.art\/it\/wp-json\/wp\/v2\/pages\/6320","targetHints":{"allow":["GET"]}}],"collection":[{"href":"https:\/\/www.highnoon.art\/it\/wp-json\/wp\/v2\/pages"}],"about":[{"href":"https:\/\/www.highnoon.art\/it\/wp-json\/wp\/v2\/types\/page"}],"author":[{"embeddable":true,"href":"https:\/\/www.highnoon.art\/it\/wp-json\/wp\/v2\/users\/1"}],"replies":[{"embeddable":true,"href":"https:\/\/www.highnoon.art\/it\/wp-json\/wp\/v2\/comments?post=6320"}],"version-history":[{"count":0,"href":"https:\/\/www.highnoon.art\/it\/wp-json\/wp\/v2\/pages\/6320\/revisions"}],"wp:attachment":[{"href":"https:\/\/www.highnoon.art\/it\/wp-json\/wp\/v2\/media?parent=6320"}],"curies":[{"name":"wp","href":"https:\/\/api.w.org\/{rel}","templated":true}]}}