{"id":29,"date":"2020-12-20T00:19:59","date_gmt":"2020-12-19T22:19:59","guid":{"rendered":"https:\/\/www.highnoon.art\/?page_id=29"},"modified":"2025-04-05T03:38:10","modified_gmt":"2025-04-05T01:38:10","slug":"impressum","status":"publish","type":"page","link":"https:\/\/www.highnoon.art\/it\/impressum\/","title":{"rendered":"Impronta"},"content":{"rendered":"<div data-elementor-type=\"wp-page\" data-elementor-id=\"29\" class=\"elementor elementor-29\" data-elementor-post-type=\"page\">\n\t\t\t\t\t\t<section class=\"elementor-section elementor-top-section elementor-element elementor-element-052d292 elementor-section-boxed elementor-section-height-default elementor-section-height-default\" data-id=\"052d292\" data-element_type=\"section\" data-e-type=\"section\">\n\t\t\t\t\t\t<div class=\"elementor-container elementor-column-gap-default\">\n\t\t\t\t\t<div class=\"elementor-column elementor-col-100 elementor-top-column elementor-element elementor-element-1d1f635\" data-id=\"1d1f635\" data-element_type=\"column\" data-e-type=\"column\">\n\t\t\t<div class=\"elementor-widget-wrap elementor-element-populated\">\n\t\t\t\t\t\t<div class=\"elementor-element elementor-element-fce4f34 elementor-widget elementor-widget-erecht24\" data-id=\"fce4f34\" data-element_type=\"widget\" data-e-type=\"widget\" data-widget_type=\"erecht24.default\">\n\t\t\t\t<div class=\"elementor-widget-container\">\n\t\t\t\t\t<div class=\"erecht24-elementor-widget\"><div style=\"word-wrap: break-word;\"><h1>Impronta<\/h1>\n\n<p>Julian Kirschler<br \/>\nFotografo<br \/>\nEmsdettener Str. 10<br \/>\nc\/o Postflex #5210<br \/>\n48268 Greven<\/p>\n\n<h2>Contatto<\/h2>\n<p>Telefono: Su richiesta<br \/>\nE-mail: info@julian-kirschler.com<\/p>\n\n<h2>Responsabile editoriale<\/h2>\n<p>Julian Kirschler<br \/>\r\nc\/o Postflex #5210<br \/>\r\nEmsdettener Str. 10<br \/>\r\n48268 Greven<\/p>\n\n<h2>Risoluzione delle controversie nell'UE<\/h2>\n<p>La Commissione europea offre una piattaforma per la risoluzione delle controversie online (ODR): <a href=\"https:\/\/ec.europa.eu\/consumers\/odr\/\" target=\"_blank\" rel=\"noopener noreferrer\">https:\/\/ec.europa.eu\/consumers\/odr\/<\/a>.<br \/> Il nostro indirizzo e-mail \u00e8 riportato nel riquadro in alto.<\/p>\n\n<h2>Risoluzione delle controversie dei consumatori\/Consiglio arbitrale universale<\/h2>\n<p>Non siamo disposti o obbligati a partecipare a procedure di risoluzione delle controversie davanti a un collegio arbitrale dei consumatori.<\/p><\/div><\/div>\t\t\t\t<\/div>\n\t\t\t\t<\/div>\n\t\t\t\t<div class=\"elementor-element elementor-element-9ea2ad2 elementor-widget elementor-widget-html\" data-id=\"9ea2ad2\" data-element_type=\"widget\" data-e-type=\"widget\" data-widget_type=\"html.default\">\n\t\t\t\t<div class=\"elementor-widget-container\">\n\t\t\t\t\t<h3>Responsabilit\u00e0 per i contenuti<\/h3>\n<p>In qualit\u00e0 di fornitore di servizi, siamo responsabili dei nostri contenuti su queste pagine ai sensi dell'art. 7 (1) DDG (Digital Services Act) e della legislazione generale. Ai sensi dei \u00a7\u00a7 8-10 DDG, tuttavia, non siamo obbligati, in qualit\u00e0 di fornitori di servizi, a controllare le informazioni trasmesse o memorizzate da terzi o a indagare su circostanze che indicano un'attivit\u00e0 illegale.<\/p>\n<p>L'obbligo di rimuovere o bloccare l'uso delle informazioni in conformit\u00e0 alle leggi generali rimane inalterato. Tuttavia, la responsabilit\u00e0 in questo senso \u00e8 possibile solo a partire dal momento in cui si viene a conoscenza di una violazione concreta. Se veniamo a conoscenza di violazioni corrispondenti, rimuoveremo immediatamente tali contenuti.<\/p>\n\n<h3>Responsabilit\u00e0 per i link<\/h3>\n<p>La nostra offerta contiene link a siti web esterni di terzi sui cui contenuti non abbiamo alcuna influenza. Pertanto, non possiamo assumere alcuna responsabilit\u00e0 per questi contenuti esterni. Per i contenuti delle pagine collegate \u00e8 sempre responsabile il rispettivo fornitore o gestore delle pagine. Le pagine collegate sono state verificate per eventuali violazioni di legge al momento del collegamento. Al momento del collegamento non erano riconoscibili contenuti illegali.<\/p>\n<p>Tuttavia, un controllo permanente dei contenuti delle pagine collegate non \u00e8 ragionevole senza prove concrete di una violazione della legge. Se veniamo a conoscenza di eventuali violazioni della legge, provvederemo a rimuovere immediatamente tali link.<\/p>\n\n<h3>Copyright e diritti d'uso<\/h3>\n<p>Il attraverso <strong>Marketing-Brand\u00ae | Leon H\u00fcttl, Maximilianstra\u00dfe 46, 75172 Pforzheim<\/strong> I contenuti creati, i design e le realizzazioni tecniche di questo sito web sono soggetti al diritto d'autore tedesco. Salvo diverso accordo esplicito, tutti i diritti d'autore su layout, testi, programmazioni e altre Leistungen creative create individualmente rimangono all'agenzia.<\/p>\n<p>Nell'ambito della cooperazione, al gestore del sito \u00e8 stato concesso un semplice diritto non esclusivo e non trasferibile di utilizzare il sito web per i propri scopi. Un ulteriore utilizzo, in particolare la modifica o l'inoltro a terzi, richiede un accordo separato con Marketing-Brand\u00ae.<\/p>\n<p>Per quanto i contenuti di questa pagina non siano da noi creati, i diritti d'autore di terzi sono rispettati. In particolare, i contenuti di terzi sono contrassegnati come tali. Qualora dovessi comunque venire a conoscenza di una violazione del diritto d'autore, ti preghiamo di darcene opportuna comunicazione. In caso di conoscenza di violazioni di legge, rimuoveremo tali contenuti immediatamente.<\/p>\n\n<p><strong>Posto<\/strong> Marzo 2025<\/p>\n\t\t\t\t<\/div>\n\t\t\t\t<\/div>\n\t\t\t\t\t<\/div>\n\t\t<\/div>\n\t\t\t\t\t<\/div>\n\t\t<\/section>\n\t\t\t\t<\/div>","protected":false},"excerpt":{"rendered":"<p>Impressum Julian Kirschler Fotograf Emsdettener Str. 10 c\/o Postflex #5210 48268 Greven Kontakt Telefon: Auf Anfrage E-Mail: info@julian-kirschler.com Redaktionell verantwortlich Julian Kirschler c\/o Postflex #5210 Emsdettener Str. 10 48268 Greven EU-Streitschlichtung Die Europ&auml;ische Kommission stellt eine Plattform zur Online-Streitbeilegung (OS) bereit: https:\/\/ec.europa.eu\/consumers\/odr\/. Unsere E-Mail-Adresse finden Sie oben im Impressum. Verbraucher&shy;streit&shy;beilegung\/Universal&shy;schlichtungs&shy;stelle Wir sind nicht bereit oder [&hellip;]<\/p>\n","protected":false},"author":1,"featured_media":0,"parent":0,"menu_order":0,"comment_status":"closed","ping_status":"closed","template":"","meta":{"footnotes":""},"class_list":["post-29","page","type-page","status-publish","hentry"],"yoast_head":"<!-- This site is optimized with the Yoast SEO plugin v27.4 - https:\/\/yoast.com\/product\/yoast-seo-wordpress\/ -->\n<title>Impressum - High Noon<\/title>\n<meta name=\"robots\" content=\"noindex, nofollow\" \/>\n<meta property=\"og:locale\" content=\"it_IT\" \/>\n<meta property=\"og:type\" content=\"article\" \/>\n<meta property=\"og:title\" content=\"Impressum - High Noon\" \/>\n<meta property=\"og:description\" content=\"Impressum Julian Kirschler Fotograf Emsdettener Str. 10 c\/o Postflex #5210 48268 Greven Kontakt Telefon: Auf Anfrage E-Mail: info@julian-kirschler.com Redaktionell verantwortlich Julian Kirschler c\/o Postflex #5210 Emsdettener Str. 10 48268 Greven EU-Streitschlichtung Die Europ&auml;ische Kommission stellt eine Plattform zur Online-Streitbeilegung (OS) bereit: https:\/\/ec.europa.eu\/consumers\/odr\/. Unsere E-Mail-Adresse finden Sie oben im Impressum. Verbraucher&shy;streit&shy;beilegung\/Universal&shy;schlichtungs&shy;stelle Wir sind nicht bereit oder [&hellip;]\" \/>\n<meta property=\"og:url\" content=\"https:\/\/www.highnoon.art\/it\/impressum\/\" \/>\n<meta property=\"og:site_name\" content=\"High Noon\" \/>\n<meta property=\"article:modified_time\" content=\"2025-04-05T01:38:10+00:00\" \/>\n<meta name=\"twitter:card\" content=\"summary_large_image\" \/>\n<meta name=\"twitter:label1\" content=\"Tempo di lettura stimato\" \/>\n\t<meta name=\"twitter:data1\" content=\"3 minuti\" \/>\n<script type=\"application\/ld+json\" class=\"yoast-schema-graph\">{\"@context\":\"https:\\\/\\\/schema.org\",\"@graph\":[{\"@type\":\"WebPage\",\"@id\":\"https:\\\/\\\/www.highnoon.art\\\/impressum\\\/\",\"url\":\"https:\\\/\\\/www.highnoon.art\\\/impressum\\\/\",\"name\":\"Impressum - High Noon\",\"isPartOf\":{\"@id\":\"https:\\\/\\\/www.highnoon.art\\\/#website\"},\"datePublished\":\"2020-12-19T22:19:59+00:00\",\"dateModified\":\"2025-04-05T01:38:10+00:00\",\"breadcrumb\":{\"@id\":\"https:\\\/\\\/www.highnoon.art\\\/impressum\\\/#breadcrumb\"},\"inLanguage\":\"it-IT\",\"potentialAction\":[{\"@type\":\"ReadAction\",\"target\":[\"https:\\\/\\\/www.highnoon.art\\\/impressum\\\/\"]}]},{\"@type\":\"BreadcrumbList\",\"@id\":\"https:\\\/\\\/www.highnoon.art\\\/impressum\\\/#breadcrumb\",\"itemListElement\":[{\"@type\":\"ListItem\",\"position\":1,\"name\":\"Startseite\",\"item\":\"https:\\\/\\\/www.highnoon.art\\\/\"},{\"@type\":\"ListItem\",\"position\":2,\"name\":\"Impressum\"}]},{\"@type\":\"WebSite\",\"@id\":\"https:\\\/\\\/www.highnoon.art\\\/#website\",\"url\":\"https:\\\/\\\/www.highnoon.art\\\/\",\"name\":\"High Noon\",\"description\":\"\",\"publisher\":{\"@id\":\"https:\\\/\\\/www.highnoon.art\\\/#organization\"},\"potentialAction\":[{\"@type\":\"SearchAction\",\"target\":{\"@type\":\"EntryPoint\",\"urlTemplate\":\"https:\\\/\\\/www.highnoon.art\\\/?s={search_term_string}\"},\"query-input\":{\"@type\":\"PropertyValueSpecification\",\"valueRequired\":true,\"valueName\":\"search_term_string\"}}],\"inLanguage\":\"it-IT\"},{\"@type\":\"Organization\",\"@id\":\"https:\\\/\\\/www.highnoon.art\\\/#organization\",\"name\":\"High Noon\",\"url\":\"https:\\\/\\\/www.highnoon.art\\\/\",\"logo\":{\"@type\":\"ImageObject\",\"inLanguage\":\"it-IT\",\"@id\":\"https:\\\/\\\/www.highnoon.art\\\/#\\\/schema\\\/logo\\\/image\\\/\",\"url\":\"https:\\\/\\\/www.highnoon.art\\\/wp-content\\\/uploads\\\/2021\\\/07\\\/high-noon_white_moved.jpg\",\"contentUrl\":\"https:\\\/\\\/www.highnoon.art\\\/wp-content\\\/uploads\\\/2021\\\/07\\\/high-noon_white_moved.jpg\",\"width\":1137,\"height\":159,\"caption\":\"High Noon\"},\"image\":{\"@id\":\"https:\\\/\\\/www.highnoon.art\\\/#\\\/schema\\\/logo\\\/image\\\/\"}}]}<\/script>\n<!-- \/ Yoast SEO plugin. -->","yoast_head_json":{"title":"Impronta - High Noon","robots":{"index":"noindex","follow":"nofollow"},"og_locale":"it_IT","og_type":"article","og_title":"Impressum - High Noon","og_description":"Impressum Julian Kirschler Fotograf Emsdettener Str. 10 c\/o Postflex #5210 48268 Greven Kontakt Telefon: Auf Anfrage E-Mail: info@julian-kirschler.com Redaktionell verantwortlich Julian Kirschler c\/o Postflex #5210 Emsdettener Str. 10 48268 Greven EU-Streitschlichtung Die Europ&auml;ische Kommission stellt eine Plattform zur Online-Streitbeilegung (OS) bereit: https:\/\/ec.europa.eu\/consumers\/odr\/. Unsere E-Mail-Adresse finden Sie oben im Impressum. Verbraucher&shy;streit&shy;beilegung\/Universal&shy;schlichtungs&shy;stelle Wir sind nicht bereit oder [&hellip;]","og_url":"https:\/\/www.highnoon.art\/it\/impressum\/","og_site_name":"High Noon","article_modified_time":"2025-04-05T01:38:10+00:00","twitter_card":"summary_large_image","twitter_misc":{"Tempo di lettura stimato":"3 minuti"},"schema":{"@context":"https:\/\/schema.org","@graph":[{"@type":"WebPage","@id":"https:\/\/www.highnoon.art\/impressum\/","url":"https:\/\/www.highnoon.art\/impressum\/","name":"Impronta - High Noon","isPartOf":{"@id":"https:\/\/www.highnoon.art\/#website"},"datePublished":"2020-12-19T22:19:59+00:00","dateModified":"2025-04-05T01:38:10+00:00","breadcrumb":{"@id":"https:\/\/www.highnoon.art\/impressum\/#breadcrumb"},"inLanguage":"it-IT","potentialAction":[{"@type":"ReadAction","target":["https:\/\/www.highnoon.art\/impressum\/"]}]},{"@type":"BreadcrumbList","@id":"https:\/\/www.highnoon.art\/impressum\/#breadcrumb","itemListElement":[{"@type":"ListItem","position":1,"name":"Startseite","item":"https:\/\/www.highnoon.art\/"},{"@type":"ListItem","position":2,"name":"Impressum"}]},{"@type":"WebSite","@id":"https:\/\/www.highnoon.art\/#website","url":"https:\/\/www.highnoon.art\/","name":"High Noon","description":"","publisher":{"@id":"https:\/\/www.highnoon.art\/#organization"},"potentialAction":[{"@type":"SearchAction","target":{"@type":"EntryPoint","urlTemplate":"https:\/\/www.highnoon.art\/?s={search_term_string}"},"query-input":{"@type":"PropertyValueSpecification","valueRequired":true,"valueName":"search_term_string"}}],"inLanguage":"it-IT"},{"@type":"Organization","@id":"https:\/\/www.highnoon.art\/#organization","name":"High Noon","url":"https:\/\/www.highnoon.art\/","logo":{"@type":"ImageObject","inLanguage":"it-IT","@id":"https:\/\/www.highnoon.art\/#\/schema\/logo\/image\/","url":"https:\/\/www.highnoon.art\/wp-content\/uploads\/2021\/07\/high-noon_white_moved.jpg","contentUrl":"https:\/\/www.highnoon.art\/wp-content\/uploads\/2021\/07\/high-noon_white_moved.jpg","width":1137,"height":159,"caption":"High Noon"},"image":{"@id":"https:\/\/www.highnoon.art\/#\/schema\/logo\/image\/"}}]}},"_links":{"self":[{"href":"https:\/\/www.highnoon.art\/it\/wp-json\/wp\/v2\/pages\/29","targetHints":{"allow":["GET"]}}],"collection":[{"href":"https:\/\/www.highnoon.art\/it\/wp-json\/wp\/v2\/pages"}],"about":[{"href":"https:\/\/www.highnoon.art\/it\/wp-json\/wp\/v2\/types\/page"}],"author":[{"embeddable":true,"href":"https:\/\/www.highnoon.art\/it\/wp-json\/wp\/v2\/users\/1"}],"replies":[{"embeddable":true,"href":"https:\/\/www.highnoon.art\/it\/wp-json\/wp\/v2\/comments?post=29"}],"version-history":[{"count":0,"href":"https:\/\/www.highnoon.art\/it\/wp-json\/wp\/v2\/pages\/29\/revisions"}],"wp:attachment":[{"href":"https:\/\/www.highnoon.art\/it\/wp-json\/wp\/v2\/media?parent=29"}],"curies":[{"name":"wp","href":"https:\/\/api.w.org\/{rel}","templated":true}]}}