{"id":23,"date":"2020-12-20T00:18:58","date_gmt":"2020-12-19T22:18:58","guid":{"rendered":"https:\/\/www.highnoon.art\/?page_id=23"},"modified":"2024-11-18T03:44:03","modified_gmt":"2024-11-18T01:44:03","slug":"ueber-high-noon-about","status":"publish","type":"page","link":"https:\/\/www.highnoon.art\/it\/","title":{"rendered":"Informazioni su High Noon"},"content":{"rendered":"<div data-elementor-type=\"wp-page\" data-elementor-id=\"23\" class=\"elementor elementor-23\" data-elementor-post-type=\"page\">\n\t\t\t\t\t\t<section class=\"elementor-section elementor-top-section elementor-element elementor-element-b7d2619 elementor-section-boxed elementor-section-height-default elementor-section-height-default\" data-id=\"b7d2619\" data-element_type=\"section\" data-e-type=\"section\">\n\t\t\t\t\t\t<div class=\"elementor-container elementor-column-gap-default\">\n\t\t\t\t\t<div class=\"elementor-column elementor-col-100 elementor-top-column elementor-element elementor-element-540cb1c\" data-id=\"540cb1c\" data-element_type=\"column\" data-e-type=\"column\">\n\t\t\t<div class=\"elementor-widget-wrap elementor-element-populated\">\n\t\t\t\t\t\t<div class=\"elementor-element elementor-element-75014b0 elementor-widget elementor-widget-text-editor\" data-id=\"75014b0\" data-element_type=\"widget\" data-e-type=\"widget\" data-widget_type=\"text-editor.default\">\n\t\t\t\t<div class=\"elementor-widget-container\">\n\t\t\t\t\t\t\t\t\t<div class=\"page\" title=\"Pagina 1\"><div class=\"layoutArea\"><div class=\"column\"><p>La serie HIGH NOON del fotografo Julian Kirschler mostra luoghi deserti che ha fotografato dopo l'approvazione di misure restrittive per contenere la pandemia Covid 19 in diverse citt\u00e0 europee. Temendo una crescita esponenziale dei casi, i governi di tutto il mondo hanno imposto restrizioni all'uscita talvolta rigorose per contenere l'ulteriore diffusione del virus. Accompagnate da una risposta mediatica senza precedenti, le notizie di carovane di cadaveri e di citt\u00e0 fantasma hanno cominciato a fioccare. Scenari inquietanti che ricordano film hollywoodiani come Twelve Monkeys o Outbreak hanno dominato il discorso dei media da allora.<\/p><p>Durante lo shutdown, in tutto il mondo sono state scattate innumerevoli fotografie spettrali di strade vuote e piazze deserte. In contrasto con le fotografie di queste \"citt\u00e0 fantasma\", tuttavia, le immagini della serie High Noon scatenano la sensazione opprimente del perturbante. Kirschler ha infettato la \"grafica\" ad alta risoluzione delle sue sequenze di immagini con un virus digitale che genera spazi pittoreschi fantastici come quelli che conosciamo nei mondi artificiali dei giochi per computer. Molti dei file raw elaborati sembrano programmati con un motore di gioco. La duplicazione, la sovrapposizione e lo spostamento del piano di registrazione, ma soprattutto la proiezione centrale e l'illuminazione ad alta intensit\u00e0, creano effetti come quelli prodotti nella computer grafica 3D degli sparatutto in prima persona attraverso la modellazione, il texturing, l'ombreggiatura e il reflection mapping. Tutte le immagini della serie hanno anche una funzione di zoom-in\/out quando vengono visualizzate sullo schermo, suggerendo che possiamo immergerci nelle immagini.<\/p><\/div><p>Robert Eikmeyer<\/p><p>(Estratto da: <a href=\"https:\/\/www.highnoon.art\/wp-content\/uploads\/2021\/07\/Dr.-Robert-Eikmeyer_Der-Geist-ist-ein-Virus.-Zu-den-Fotografien-von-Julian-Kirschler.pdf\" target=\"_blank\" rel=\"noopener\">La mente \u00e8 un virus.<\/a> La serie HIGH NOON del fotografo <a href=\"https:\/\/www.highnoon.art\/wp-content\/uploads\/2021\/07\/Artiststatement_High-Noon.pdf\" target=\"_blank\" rel=\"noopener\">Julian Kirschler<\/a>, 2020)<\/p><\/div><\/div>\t\t\t\t\t\t\t\t<\/div>\n\t\t\t\t<\/div>\n\t\t\t\t\t<\/div>\n\t\t<\/div>\n\t\t\t\t\t<\/div>\n\t\t<\/section>\n\t\t\t\t<section class=\"elementor-section elementor-top-section elementor-element elementor-element-4fabddb elementor-section-boxed elementor-section-height-default elementor-section-height-default\" data-id=\"4fabddb\" data-element_type=\"section\" data-e-type=\"section\">\n\t\t\t\t\t\t<div class=\"elementor-container elementor-column-gap-default\">\n\t\t\t\t\t<div class=\"elementor-column elementor-col-100 elementor-top-column elementor-element elementor-element-b26cd39\" data-id=\"b26cd39\" data-element_type=\"column\" data-e-type=\"column\">\n\t\t\t<div class=\"elementor-widget-wrap elementor-element-populated\">\n\t\t\t\t\t\t<div class=\"elementor-element elementor-element-bfc6d38 elementor-widget elementor-widget-spacer\" data-id=\"bfc6d38\" data-element_type=\"widget\" data-e-type=\"widget\" data-widget_type=\"spacer.default\">\n\t\t\t\t<div class=\"elementor-widget-container\">\n\t\t\t\t\t\t\t<div class=\"elementor-spacer\">\n\t\t\t<div class=\"elementor-spacer-inner\"><\/div>\n\t\t<\/div>\n\t\t\t\t\t\t<\/div>\n\t\t\t\t<\/div>\n\t\t\t\t\t<\/div>\n\t\t<\/div>\n\t\t\t\t\t<\/div>\n\t\t<\/section>\n\t\t\t\t<\/div>","protected":false},"excerpt":{"rendered":"<p>Die HIGH NOON-Serie des Fotografen Julian Kirschler zeigt menschenleere Orte, die er nach dem Beschluss der restriktiven Ma\u00dfnahmen zur Eind\u00e4mmung der Covid-19-Pandemie in verschiedenen europ\u00e4ischen St\u00e4dten aufgenommen hat. Aus Angst vor exponentiell wachsenden Fallzahlen hatten die Regierungen weltweit zum Teil rigorose Ausgangsbeschr\u00e4nkungen verh\u00e4ngt, um die weitere Ausbreitung des Virus einzud\u00e4mmen. Begleitet von einem zuvor nie [&hellip;]<\/p>\n","protected":false},"author":1,"featured_media":10130,"parent":0,"menu_order":0,"comment_status":"closed","ping_status":"closed","template":"elementor_header_footer","meta":{"footnotes":""},"class_list":["post-23","page","type-page","status-publish","has-post-thumbnail","hentry"],"yoast_head":"<!-- This site is optimized with the Yoast SEO plugin v27.4 - https:\/\/yoast.com\/product\/yoast-seo-wordpress\/ -->\n<title>\u00dcber High Noon - High Noon<\/title>\n<meta name=\"description\" content=\"Die HIGH NOON-Serie des Fotografen Julian Kirschler zeigt menschenleere Orte, die er nach dem Beschluss der restriktiven Ma\u00dfnahmen zur Eind\u00e4mmung der Covid-19-Pandemie in verschiedenen europ\u00e4ischen St\u00e4dten aufgenommen hat.\" \/>\n<meta name=\"robots\" content=\"index, follow, max-snippet:-1, max-image-preview:large, max-video-preview:-1\" \/>\n<link rel=\"canonical\" href=\"https:\/\/www.highnoon.art\/it\/\" \/>\n<meta property=\"og:locale\" content=\"it_IT\" \/>\n<meta property=\"og:type\" content=\"article\" \/>\n<meta property=\"og:title\" content=\"\u00dcber High Noon - High Noon\" \/>\n<meta property=\"og:description\" content=\"Die HIGH NOON-Serie des Fotografen Julian Kirschler zeigt menschenleere Orte, die er nach dem Beschluss der restriktiven Ma\u00dfnahmen zur Eind\u00e4mmung der Covid-19-Pandemie in verschiedenen europ\u00e4ischen St\u00e4dten aufgenommen hat.\" \/>\n<meta property=\"og:url\" content=\"https:\/\/www.highnoon.art\/it\/\" \/>\n<meta property=\"og:site_name\" content=\"High Noon\" \/>\n<meta property=\"article:modified_time\" content=\"2024-11-18T01:44:03+00:00\" \/>\n<meta property=\"og:image\" content=\"https:\/\/www.highnoon.art\/wp-content\/uploads\/2021\/07\/Cloud-Optimiert.png\" \/>\n\t<meta property=\"og:image:width\" content=\"1080\" \/>\n\t<meta property=\"og:image:height\" content=\"1080\" \/>\n\t<meta property=\"og:image:type\" content=\"image\/png\" \/>\n<meta name=\"twitter:card\" content=\"summary_large_image\" \/>\n<meta name=\"twitter:label1\" content=\"Tempo di lettura stimato\" \/>\n\t<meta name=\"twitter:data1\" content=\"2 minuti\" \/>\n<script type=\"application\/ld+json\" class=\"yoast-schema-graph\">{\"@context\":\"https:\\\/\\\/schema.org\",\"@graph\":[{\"@type\":\"WebPage\",\"@id\":\"https:\\\/\\\/www.highnoon.art\\\/\",\"url\":\"https:\\\/\\\/www.highnoon.art\\\/\",\"name\":\"\u00dcber High Noon - High Noon\",\"isPartOf\":{\"@id\":\"https:\\\/\\\/www.highnoon.art\\\/#website\"},\"primaryImageOfPage\":{\"@id\":\"https:\\\/\\\/www.highnoon.art\\\/#primaryimage\"},\"image\":{\"@id\":\"https:\\\/\\\/www.highnoon.art\\\/#primaryimage\"},\"thumbnailUrl\":\"https:\\\/\\\/www.highnoon.art\\\/wp-content\\\/uploads\\\/2021\\\/07\\\/Cloud-Optimiert.png\",\"datePublished\":\"2020-12-19T22:18:58+00:00\",\"dateModified\":\"2024-11-18T01:44:03+00:00\",\"description\":\"Die HIGH NOON-Serie des Fotografen Julian Kirschler zeigt menschenleere Orte, die er nach dem Beschluss der restriktiven Ma\u00dfnahmen zur Eind\u00e4mmung der Covid-19-Pandemie in verschiedenen europ\u00e4ischen St\u00e4dten aufgenommen hat.\",\"breadcrumb\":{\"@id\":\"https:\\\/\\\/www.highnoon.art\\\/#breadcrumb\"},\"inLanguage\":\"it-IT\",\"potentialAction\":[{\"@type\":\"ReadAction\",\"target\":[\"https:\\\/\\\/www.highnoon.art\\\/\"]}]},{\"@type\":\"ImageObject\",\"inLanguage\":\"it-IT\",\"@id\":\"https:\\\/\\\/www.highnoon.art\\\/#primaryimage\",\"url\":\"https:\\\/\\\/www.highnoon.art\\\/wp-content\\\/uploads\\\/2021\\\/07\\\/Cloud-Optimiert.png\",\"contentUrl\":\"https:\\\/\\\/www.highnoon.art\\\/wp-content\\\/uploads\\\/2021\\\/07\\\/Cloud-Optimiert.png\",\"width\":1080,\"height\":1080},{\"@type\":\"BreadcrumbList\",\"@id\":\"https:\\\/\\\/www.highnoon.art\\\/#breadcrumb\",\"itemListElement\":[{\"@type\":\"ListItem\",\"position\":1,\"name\":\"Startseite\",\"item\":\"https:\\\/\\\/www.highnoon.art\\\/\"},{\"@type\":\"ListItem\",\"position\":2,\"name\":\"\u00dcber High Noon\"}]},{\"@type\":\"WebSite\",\"@id\":\"https:\\\/\\\/www.highnoon.art\\\/#website\",\"url\":\"https:\\\/\\\/www.highnoon.art\\\/\",\"name\":\"High Noon\",\"description\":\"\",\"publisher\":{\"@id\":\"https:\\\/\\\/www.highnoon.art\\\/#organization\"},\"potentialAction\":[{\"@type\":\"SearchAction\",\"target\":{\"@type\":\"EntryPoint\",\"urlTemplate\":\"https:\\\/\\\/www.highnoon.art\\\/?s={search_term_string}\"},\"query-input\":{\"@type\":\"PropertyValueSpecification\",\"valueRequired\":true,\"valueName\":\"search_term_string\"}}],\"inLanguage\":\"it-IT\"},{\"@type\":\"Organization\",\"@id\":\"https:\\\/\\\/www.highnoon.art\\\/#organization\",\"name\":\"High Noon\",\"url\":\"https:\\\/\\\/www.highnoon.art\\\/\",\"logo\":{\"@type\":\"ImageObject\",\"inLanguage\":\"it-IT\",\"@id\":\"https:\\\/\\\/www.highnoon.art\\\/#\\\/schema\\\/logo\\\/image\\\/\",\"url\":\"https:\\\/\\\/www.highnoon.art\\\/wp-content\\\/uploads\\\/2021\\\/07\\\/high-noon_white_moved.jpg\",\"contentUrl\":\"https:\\\/\\\/www.highnoon.art\\\/wp-content\\\/uploads\\\/2021\\\/07\\\/high-noon_white_moved.jpg\",\"width\":1137,\"height\":159,\"caption\":\"High Noon\"},\"image\":{\"@id\":\"https:\\\/\\\/www.highnoon.art\\\/#\\\/schema\\\/logo\\\/image\\\/\"}}]}<\/script>\n<!-- \/ Yoast SEO plugin. -->","yoast_head_json":{"title":"Informazioni su High Noon - High Noon","description":"La serie HIGH NOON del fotografo Julian Kirschler mostra i luoghi deserti che ha fotografato in varie citt\u00e0 europee dopo l'approvazione delle misure restrittive per contenere la pandemia di Covid 19.","robots":{"index":"index","follow":"follow","max-snippet":"max-snippet:-1","max-image-preview":"max-image-preview:large","max-video-preview":"max-video-preview:-1"},"canonical":"https:\/\/www.highnoon.art\/it\/","og_locale":"it_IT","og_type":"article","og_title":"\u00dcber High Noon - High Noon","og_description":"Die HIGH NOON-Serie des Fotografen Julian Kirschler zeigt menschenleere Orte, die er nach dem Beschluss der restriktiven Ma\u00dfnahmen zur Eind\u00e4mmung der Covid-19-Pandemie in verschiedenen europ\u00e4ischen St\u00e4dten aufgenommen hat.","og_url":"https:\/\/www.highnoon.art\/it\/","og_site_name":"High Noon","article_modified_time":"2024-11-18T01:44:03+00:00","og_image":[{"width":1080,"height":1080,"url":"https:\/\/www.highnoon.art\/wp-content\/uploads\/2021\/07\/Cloud-Optimiert.png","type":"image\/png"}],"twitter_card":"summary_large_image","twitter_misc":{"Tempo di lettura stimato":"2 minuti"},"schema":{"@context":"https:\/\/schema.org","@graph":[{"@type":"WebPage","@id":"https:\/\/www.highnoon.art\/","url":"https:\/\/www.highnoon.art\/","name":"Informazioni su High Noon - High Noon","isPartOf":{"@id":"https:\/\/www.highnoon.art\/#website"},"primaryImageOfPage":{"@id":"https:\/\/www.highnoon.art\/#primaryimage"},"image":{"@id":"https:\/\/www.highnoon.art\/#primaryimage"},"thumbnailUrl":"https:\/\/www.highnoon.art\/wp-content\/uploads\/2021\/07\/Cloud-Optimiert.png","datePublished":"2020-12-19T22:18:58+00:00","dateModified":"2024-11-18T01:44:03+00:00","description":"La serie HIGH NOON del fotografo Julian Kirschler mostra i luoghi deserti che ha fotografato in varie citt\u00e0 europee dopo l'approvazione delle misure restrittive per contenere la pandemia di Covid 19.","breadcrumb":{"@id":"https:\/\/www.highnoon.art\/#breadcrumb"},"inLanguage":"it-IT","potentialAction":[{"@type":"ReadAction","target":["https:\/\/www.highnoon.art\/"]}]},{"@type":"ImageObject","inLanguage":"it-IT","@id":"https:\/\/www.highnoon.art\/#primaryimage","url":"https:\/\/www.highnoon.art\/wp-content\/uploads\/2021\/07\/Cloud-Optimiert.png","contentUrl":"https:\/\/www.highnoon.art\/wp-content\/uploads\/2021\/07\/Cloud-Optimiert.png","width":1080,"height":1080},{"@type":"BreadcrumbList","@id":"https:\/\/www.highnoon.art\/#breadcrumb","itemListElement":[{"@type":"ListItem","position":1,"name":"Startseite","item":"https:\/\/www.highnoon.art\/"},{"@type":"ListItem","position":2,"name":"\u00dcber High Noon"}]},{"@type":"WebSite","@id":"https:\/\/www.highnoon.art\/#website","url":"https:\/\/www.highnoon.art\/","name":"High Noon","description":"","publisher":{"@id":"https:\/\/www.highnoon.art\/#organization"},"potentialAction":[{"@type":"SearchAction","target":{"@type":"EntryPoint","urlTemplate":"https:\/\/www.highnoon.art\/?s={search_term_string}"},"query-input":{"@type":"PropertyValueSpecification","valueRequired":true,"valueName":"search_term_string"}}],"inLanguage":"it-IT"},{"@type":"Organization","@id":"https:\/\/www.highnoon.art\/#organization","name":"High Noon","url":"https:\/\/www.highnoon.art\/","logo":{"@type":"ImageObject","inLanguage":"it-IT","@id":"https:\/\/www.highnoon.art\/#\/schema\/logo\/image\/","url":"https:\/\/www.highnoon.art\/wp-content\/uploads\/2021\/07\/high-noon_white_moved.jpg","contentUrl":"https:\/\/www.highnoon.art\/wp-content\/uploads\/2021\/07\/high-noon_white_moved.jpg","width":1137,"height":159,"caption":"High Noon"},"image":{"@id":"https:\/\/www.highnoon.art\/#\/schema\/logo\/image\/"}}]}},"_links":{"self":[{"href":"https:\/\/www.highnoon.art\/it\/wp-json\/wp\/v2\/pages\/23","targetHints":{"allow":["GET"]}}],"collection":[{"href":"https:\/\/www.highnoon.art\/it\/wp-json\/wp\/v2\/pages"}],"about":[{"href":"https:\/\/www.highnoon.art\/it\/wp-json\/wp\/v2\/types\/page"}],"author":[{"embeddable":true,"href":"https:\/\/www.highnoon.art\/it\/wp-json\/wp\/v2\/users\/1"}],"replies":[{"embeddable":true,"href":"https:\/\/www.highnoon.art\/it\/wp-json\/wp\/v2\/comments?post=23"}],"version-history":[{"count":0,"href":"https:\/\/www.highnoon.art\/it\/wp-json\/wp\/v2\/pages\/23\/revisions"}],"wp:featuredmedia":[{"embeddable":true,"href":"https:\/\/www.highnoon.art\/it\/wp-json\/wp\/v2\/media\/10130"}],"wp:attachment":[{"href":"https:\/\/www.highnoon.art\/it\/wp-json\/wp\/v2\/media?parent=23"}],"curies":[{"name":"wp","href":"https:\/\/api.w.org\/{rel}","templated":true}]}}