{"id":6320,"date":"2021-05-07T21:27:38","date_gmt":"2021-05-07T19:27:38","guid":{"rendered":"https:\/\/www.highnoon.art\/?page_id=6320"},"modified":"2024-09-10T21:28:45","modified_gmt":"2024-09-10T19:28:45","slug":"boote-serie-venedig","status":"publish","type":"page","link":"https:\/\/www.highnoon.art\/fr\/boote-serie-venedig\/","title":{"rendered":"Bateaux S\u00e9rie Venise"},"content":{"rendered":"<div data-elementor-type=\"wp-page\" data-elementor-id=\"6320\" class=\"elementor elementor-6320\" data-elementor-post-type=\"page\">\n\t\t\t\t\t\t<section class=\"elementor-section elementor-top-section elementor-element elementor-element-24bdd9a elementor-section-boxed elementor-section-height-default elementor-section-height-default\" data-id=\"24bdd9a\" data-element_type=\"section\" data-e-type=\"section\">\n\t\t\t\t\t\t<div class=\"elementor-container elementor-column-gap-default\">\n\t\t\t\t\t<div class=\"elementor-column elementor-col-100 elementor-top-column elementor-element elementor-element-497103f\" data-id=\"497103f\" data-element_type=\"column\" data-e-type=\"column\">\n\t\t\t<div class=\"elementor-widget-wrap elementor-element-populated\">\n\t\t\t\t\t\t<div class=\"elementor-element elementor-element-09b7898 elementor-widget elementor-widget-heading\" data-id=\"09b7898\" data-element_type=\"widget\" data-e-type=\"widget\" data-widget_type=\"heading.default\">\n\t\t\t\t<div class=\"elementor-widget-container\">\n\t\t\t\t\t<h2 class=\"elementor-heading-title elementor-size-default\">Bateaux sans pilote \u00e0 Venise<\/h2>\t\t\t\t<\/div>\n\t\t\t\t<\/div>\n\t\t\t\t<div class=\"elementor-element elementor-element-c7de8f0 elementor-widget elementor-widget-text-editor\" data-id=\"c7de8f0\" data-element_type=\"widget\" data-e-type=\"widget\" data-widget_type=\"text-editor.default\">\n\t\t\t\t<div class=\"elementor-widget-container\">\n\t\t\t\t\t\t\t\t\t<div class=\"page\" title=\"Page 1\"><div class=\"layoutArea\"><div class=\"column\"><p>une protestation contre une agression raciste<\/p><\/div><\/div><\/div>\t\t\t\t\t\t\t\t<\/div>\n\t\t\t\t<\/div>\n\t\t\t\t<div class=\"elementor-element elementor-element-97f4aea elementor-widget elementor-widget-text-editor\" data-id=\"97f4aea\" data-element_type=\"widget\" data-e-type=\"widget\" data-widget_type=\"text-editor.default\">\n\t\t\t\t<div class=\"elementor-widget-container\">\n\t\t\t\t\t\t\t\t\t<div class=\"page\" title=\"Page 1\"><div class=\"layoutArea\"><div class=\"column\">Le 14 novembre 2020, j'ai commenc\u00e9 le matin \u00e0 prendre des photos pour ma <strong><em>S\u00e9rie High Noon<\/em><\/strong> a commenc\u00e9 \u00e0 Venise. Dans le <em>Fondamenta Garzotti<\/em> j'ai \u00e9t\u00e9 t\u00e9moin vers 11h30 d'un incident bouleversant qui a d\u00e9clench\u00e9 l'id\u00e9e de supprimer les bateliers des enregistrements.\u00a0<\/div><\/div><div class=\"layoutArea\"><div class=\"column\"><div class=\"page\" title=\"Page 1\"><div class=\"layoutArea\"><div class=\"column\"><p>Je me trouvais au bord du canal en question pour assister \u00e0 une sc\u00e8ne avec un panneau publicitaire jaune d'un h\u00f4tel sur la <em>Calle Contarina<\/em> de prendre des photos. J'avais install\u00e9 mon tr\u00e9pied et j'\u00e9tais concentr\u00e9 sur le r\u00e9glage de mon appareil photo. \u00c0 ce moment-l\u00e0, je n'avais d\u00fb rencontrer personne pendant 20 minutes et je me croyais donc seul.<\/p><\/div><\/div><\/div><\/div><\/div><\/div>\t\t\t\t\t\t\t\t<\/div>\n\t\t\t\t<\/div>\n\t\t\t\t<section class=\"elementor-section elementor-inner-section elementor-element elementor-element-b370269 elementor-section-boxed elementor-section-height-default elementor-section-height-default\" data-id=\"b370269\" data-element_type=\"section\" data-e-type=\"section\">\n\t\t\t\t\t\t<div class=\"elementor-container elementor-column-gap-default\">\n\t\t\t\t\t<div class=\"elementor-column elementor-col-50 elementor-inner-column elementor-element elementor-element-ec39774\" data-id=\"ec39774\" data-element_type=\"column\" data-e-type=\"column\">\n\t\t\t<div class=\"elementor-widget-wrap elementor-element-populated\">\n\t\t\t\t\t\t<div class=\"elementor-element elementor-element-0c47497 elementor-widget elementor-widget-image\" data-id=\"0c47497\" data-element_type=\"widget\" data-e-type=\"widget\" data-widget_type=\"image.default\">\n\t\t\t\t<div class=\"elementor-widget-container\">\n\t\t\t\t\t\t\t\t\t\t\t\t\t\t\t<img decoding=\"async\" src=\"https:\/\/www.highnoon.art\/wp-content\/uploads\/2021\/07\/DSF6420_Final_retouch_Virus_embedded_square-scaled.jpg\" title=\"\" alt=\"\" loading=\"lazy\" \/>\t\t\t\t\t\t\t\t\t\t\t\t\t\t\t<\/div>\n\t\t\t\t<\/div>\n\t\t\t\t\t<\/div>\n\t\t<\/div>\n\t\t\t\t<div class=\"elementor-column elementor-col-50 elementor-inner-column elementor-element elementor-element-96babf7\" data-id=\"96babf7\" data-element_type=\"column\" data-e-type=\"column\">\n\t\t\t<div class=\"elementor-widget-wrap\">\n\t\t\t\t\t\t\t<\/div>\n\t\t<\/div>\n\t\t\t\t\t<\/div>\n\t\t<\/section>\n\t\t\t\t<div class=\"elementor-element elementor-element-12a0111 elementor-widget elementor-widget-text-editor\" data-id=\"12a0111\" data-element_type=\"widget\" data-e-type=\"widget\" data-widget_type=\"text-editor.default\">\n\t\t\t\t<div class=\"elementor-widget-container\">\n\t\t\t\t\t\t\t\t\t<div class=\"page\" title=\"Page 1\"><div class=\"layoutArea\"><div class=\"column\"><p>Cela n'a chang\u00e9 que lorsque, \u00e0 un moment donn\u00e9, j'ai entendu simultan\u00e9ment, derri\u00e8re moi, de l\u00e9gers bruits de bateaux et, en m\u00eame temps, des cris de singes de plus en plus forts. Je me suis retourn\u00e9 et j'ai vu la sc\u00e8ne suivante :<\/p><p>A une quinzaine de m\u00e8tres derri\u00e8re moi se tenait un homme d'une cinquantaine ou d'une soixantaine d'ann\u00e9es, tout de noir v\u00eatu, qui me paraissait n\u00e9glig\u00e9. Tandis que dans le canal, un bateau de transport, pilot\u00e9 par un <em>Personne de couleur<\/em>Quand il est pass\u00e9 devant lui, il a fait des bruits de singe.<\/p><p>Le plus effrayant n'\u00e9tait pas seulement l'incident en lui-m\u00eame - c'\u00e9tait la haine incontr\u00f4l\u00e9e \u00e0 laquelle le conducteur du bateau \u00e9tait expos\u00e9 - car les cris de singes ne cessaient qu'apr\u00e8s plusieurs minutes. Ce n'est que lorsque le bateau \u00e9tait \u00e0 peine audible et finalement invisible que les singes se sont mis \u00e0 crier.<\/p><p>J'\u00e9tais comme paralys\u00e9 - la seule chose que j'ai \u00e9t\u00e9 capable de faire dans cette situation, c'est de r\u00e9pondre \u00e0 l'agresseur par un \"fasciste\" sonore et un geste d'essuie-glace. Avec le recul, je me demande aujourd'hui ce qui a bien pu arriver \u00e0 cet homme pitoyable dans sa vie pour qu'il tente de valoriser sa propre existence en humiliant un autre \u00eatre humain ?<\/p><div class=\"page\" title=\"Page 1\"><div class=\"layoutArea\"><div class=\"column\"><p><strong>Quand les gens se ridiculisent<\/strong><br \/>La b\u00eatise qui devient envahissante, qui montre son visage dans l'inhumain, doit \u00eatre affront\u00e9e. Je le fais avec mes moyens. C'est une tentative, malgr\u00e9 la gravit\u00e9 et le s\u00e9rieux de l'\u00e9v\u00e9nement, de manifester ma solidarit\u00e9 avec l'agress\u00e9, notamment par un clin d'\u0153il et une certaine ironie. Une protestation silencieuse qui, je l'esp\u00e8re, sera tr\u00e8s bruyante.<\/p><\/div><\/div><\/div><p>De cette exp\u00e9rience troublante est n\u00e9e l'id\u00e9e de prendre des photos de bateaux dans les canaux de Venise et, dans une attitude de protestation artistique, d'\u00e9liminer les bateliers respectifs des images.<\/p><p>Si une <em>Personne de couleur<\/em> ne peut pas traverser Venise en bateau sans \u00eatre attaqu\u00e9, bless\u00e9 ou insult\u00e9, alors personne ne doit le faire dans mes tableaux !<\/p><div class=\"page\" title=\"Page 1\"><div class=\"layoutArea\"><div class=\"column\"><p>J'aimerais mettre aux ench\u00e8res l'un des tableaux de la s\u00e9rie \u00e0 Venise. Si la victime peut \u00eatre identifi\u00e9e, il recevra le produit de la vente. Dans le cas contraire, l'argent sera vers\u00e9 \u00e0 une association de pr\u00e9vention du racisme et de la violence en V\u00e9n\u00e9tie.<\/p><div class=\"page\" title=\"Page 1\"><div class=\"layoutArea\"><div class=\"column\"><p>Julian Kirschler<\/p><p><span style=\"color: #db1529;\"><a href=\"https:\/\/www.highnoon.art\/fr\/venedig-boote\/\"><strong>Vers la galerie d'images<\/strong><\/a><\/span><\/p><\/div><\/div><\/div><\/div><\/div><\/div><\/div><\/div><\/div>\t\t\t\t\t\t\t\t<\/div>\n\t\t\t\t<\/div>\n\t\t\t\t<section class=\"elementor-section elementor-inner-section elementor-element elementor-element-682d6c6 elementor-section-boxed elementor-section-height-default elementor-section-height-default\" data-id=\"682d6c6\" data-element_type=\"section\" data-e-type=\"section\">\n\t\t\t\t\t\t<div class=\"elementor-container elementor-column-gap-default\">\n\t\t\t\t\t<div class=\"elementor-column elementor-col-50 elementor-inner-column elementor-element elementor-element-ec2e866\" data-id=\"ec2e866\" data-element_type=\"column\" data-e-type=\"column\">\n\t\t\t<div class=\"elementor-widget-wrap elementor-element-populated\">\n\t\t\t\t\t\t<div class=\"elementor-element elementor-element-76d5d3e elementor-widget elementor-widget-image\" data-id=\"76d5d3e\" data-element_type=\"widget\" data-e-type=\"widget\" data-widget_type=\"image.default\">\n\t\t\t\t<div class=\"elementor-widget-container\">\n\t\t\t\t\t\t\t\t\t\t\t\t\t\t\t<img decoding=\"async\" src=\"https:\/\/www.highnoon.art\/wp-content\/uploads\/2021\/07\/DSF6972_Final_retouch_Virus_embedded_cut-scaled.jpg\" title=\"\" alt=\"\" loading=\"lazy\" \/>\t\t\t\t\t\t\t\t\t\t\t\t\t\t\t<\/div>\n\t\t\t\t<\/div>\n\t\t\t\t\t<\/div>\n\t\t<\/div>\n\t\t\t\t<div class=\"elementor-column elementor-col-50 elementor-inner-column elementor-element elementor-element-9653ee9\" data-id=\"9653ee9\" data-element_type=\"column\" data-e-type=\"column\">\n\t\t\t<div class=\"elementor-widget-wrap\">\n\t\t\t\t\t\t\t<\/div>\n\t\t<\/div>\n\t\t\t\t\t<\/div>\n\t\t<\/section>\n\t\t\t\t\t<\/div>\n\t\t<\/div>\n\t\t\t\t\t<\/div>\n\t\t<\/section>\n\t\t\t\t<\/div>","protected":false},"excerpt":{"rendered":"<p>F\u00fchrerlose Boote in Venedig ein Protest gegen einen rassistischen U\u0308bergriff Am 14. November 2020 habe ich morgens mit Aufnahmen fu\u0308r meine High Noon Serie in Venedig begonnen. In der Fondamenta Garzotti wurde ich gegen 11:30 Uhr Zeuge eines erschu\u0308tternden Vorfalls, der Auslo\u0308ser fu\u0308r die Idee war die Bootsfu\u0308hrer aus den Aufnahmen heraus zu lo\u0308schen.\u00a0 Ich [&hellip;]<\/p>\n","protected":false},"author":1,"featured_media":0,"parent":0,"menu_order":0,"comment_status":"closed","ping_status":"closed","template":"elementor_header_footer","meta":{"footnotes":""},"class_list":["post-6320","page","type-page","status-publish","hentry"],"yoast_head":"<!-- This site is optimized with the Yoast SEO plugin v27.5 - https:\/\/yoast.com\/product\/yoast-seo-wordpress\/ -->\n<title>Boote Serie Venedig - High Noon<\/title>\n<meta name=\"robots\" content=\"index, follow, max-snippet:-1, max-image-preview:large, max-video-preview:-1\" \/>\n<link rel=\"canonical\" href=\"https:\/\/www.highnoon.art\/fr\/boote-serie-venedig\/\" \/>\n<meta property=\"og:locale\" content=\"fr_FR\" \/>\n<meta property=\"og:type\" content=\"article\" \/>\n<meta property=\"og:title\" content=\"Boote Serie Venedig - High Noon\" \/>\n<meta property=\"og:description\" content=\"F\u00fchrerlose Boote in Venedig ein Protest gegen einen rassistischen U\u0308bergriff Am 14. November 2020 habe ich morgens mit Aufnahmen fu\u0308r meine High Noon Serie in Venedig begonnen. In der Fondamenta Garzotti wurde ich gegen 11:30 Uhr Zeuge eines erschu\u0308tternden Vorfalls, der Auslo\u0308ser fu\u0308r die Idee war die Bootsfu\u0308hrer aus den Aufnahmen heraus zu lo\u0308schen.\u00a0 Ich [&hellip;]\" \/>\n<meta property=\"og:url\" content=\"https:\/\/www.highnoon.art\/fr\/boote-serie-venedig\/\" \/>\n<meta property=\"og:site_name\" content=\"High Noon\" \/>\n<meta property=\"article:modified_time\" content=\"2024-09-10T19:28:45+00:00\" \/>\n<meta property=\"og:image\" content=\"https:\/\/www.highnoon.art\/wp-content\/uploads\/2021\/07\/DSF6420_Final_retouch_Virus_embedded_square-1024x1024.jpg\" \/>\n<meta name=\"twitter:card\" content=\"summary_large_image\" \/>\n<meta name=\"twitter:label1\" content=\"Dur\u00e9e de lecture estim\u00e9e\" \/>\n\t<meta name=\"twitter:data1\" content=\"3 minutes\" \/>\n<script type=\"application\/ld+json\" class=\"yoast-schema-graph\">{\"@context\":\"https:\\\/\\\/schema.org\",\"@graph\":[{\"@type\":\"WebPage\",\"@id\":\"https:\\\/\\\/www.highnoon.art\\\/boote-serie-venedig\\\/\",\"url\":\"https:\\\/\\\/www.highnoon.art\\\/boote-serie-venedig\\\/\",\"name\":\"Boote Serie Venedig - High Noon\",\"isPartOf\":{\"@id\":\"https:\\\/\\\/www.highnoon.art\\\/#website\"},\"primaryImageOfPage\":{\"@id\":\"https:\\\/\\\/www.highnoon.art\\\/boote-serie-venedig\\\/#primaryimage\"},\"image\":{\"@id\":\"https:\\\/\\\/www.highnoon.art\\\/boote-serie-venedig\\\/#primaryimage\"},\"thumbnailUrl\":\"https:\\\/\\\/www.highnoon.art\\\/wp-content\\\/uploads\\\/2021\\\/07\\\/DSF6420_Final_retouch_Virus_embedded_square-1024x1024.jpg\",\"datePublished\":\"2021-05-07T19:27:38+00:00\",\"dateModified\":\"2024-09-10T19:28:45+00:00\",\"breadcrumb\":{\"@id\":\"https:\\\/\\\/www.highnoon.art\\\/boote-serie-venedig\\\/#breadcrumb\"},\"inLanguage\":\"fr-FR\",\"potentialAction\":[{\"@type\":\"ReadAction\",\"target\":[\"https:\\\/\\\/www.highnoon.art\\\/boote-serie-venedig\\\/\"]}]},{\"@type\":\"ImageObject\",\"inLanguage\":\"fr-FR\",\"@id\":\"https:\\\/\\\/www.highnoon.art\\\/boote-serie-venedig\\\/#primaryimage\",\"url\":\"https:\\\/\\\/www.highnoon.art\\\/wp-content\\\/uploads\\\/2021\\\/07\\\/DSF6420_Final_retouch_Virus_embedded_square-1024x1024.jpg\",\"contentUrl\":\"https:\\\/\\\/www.highnoon.art\\\/wp-content\\\/uploads\\\/2021\\\/07\\\/DSF6420_Final_retouch_Virus_embedded_square-1024x1024.jpg\"},{\"@type\":\"BreadcrumbList\",\"@id\":\"https:\\\/\\\/www.highnoon.art\\\/boote-serie-venedig\\\/#breadcrumb\",\"itemListElement\":[{\"@type\":\"ListItem\",\"position\":1,\"name\":\"Startseite\",\"item\":\"https:\\\/\\\/www.highnoon.art\\\/\"},{\"@type\":\"ListItem\",\"position\":2,\"name\":\"Boote Serie Venedig\"}]},{\"@type\":\"WebSite\",\"@id\":\"https:\\\/\\\/www.highnoon.art\\\/#website\",\"url\":\"https:\\\/\\\/www.highnoon.art\\\/\",\"name\":\"High Noon\",\"description\":\"\",\"publisher\":{\"@id\":\"https:\\\/\\\/www.highnoon.art\\\/#organization\"},\"potentialAction\":[{\"@type\":\"SearchAction\",\"target\":{\"@type\":\"EntryPoint\",\"urlTemplate\":\"https:\\\/\\\/www.highnoon.art\\\/?s={search_term_string}\"},\"query-input\":{\"@type\":\"PropertyValueSpecification\",\"valueRequired\":true,\"valueName\":\"search_term_string\"}}],\"inLanguage\":\"fr-FR\"},{\"@type\":\"Organization\",\"@id\":\"https:\\\/\\\/www.highnoon.art\\\/#organization\",\"name\":\"High Noon\",\"url\":\"https:\\\/\\\/www.highnoon.art\\\/\",\"logo\":{\"@type\":\"ImageObject\",\"inLanguage\":\"fr-FR\",\"@id\":\"https:\\\/\\\/www.highnoon.art\\\/#\\\/schema\\\/logo\\\/image\\\/\",\"url\":\"https:\\\/\\\/www.highnoon.art\\\/wp-content\\\/uploads\\\/2021\\\/07\\\/high-noon_white_moved.jpg\",\"contentUrl\":\"https:\\\/\\\/www.highnoon.art\\\/wp-content\\\/uploads\\\/2021\\\/07\\\/high-noon_white_moved.jpg\",\"width\":1137,\"height\":159,\"caption\":\"High Noon\"},\"image\":{\"@id\":\"https:\\\/\\\/www.highnoon.art\\\/#\\\/schema\\\/logo\\\/image\\\/\"}}]}<\/script>\n<!-- \/ Yoast SEO plugin. -->","yoast_head_json":{"title":"Bateaux s\u00e9rie Venise - High Noon","robots":{"index":"index","follow":"follow","max-snippet":"max-snippet:-1","max-image-preview":"max-image-preview:large","max-video-preview":"max-video-preview:-1"},"canonical":"https:\/\/www.highnoon.art\/fr\/boote-serie-venedig\/","og_locale":"fr_FR","og_type":"article","og_title":"Boote Serie Venedig - High Noon","og_description":"F\u00fchrerlose Boote in Venedig ein Protest gegen einen rassistischen U\u0308bergriff Am 14. November 2020 habe ich morgens mit Aufnahmen fu\u0308r meine High Noon Serie in Venedig begonnen. In der Fondamenta Garzotti wurde ich gegen 11:30 Uhr Zeuge eines erschu\u0308tternden Vorfalls, der Auslo\u0308ser fu\u0308r die Idee war die Bootsfu\u0308hrer aus den Aufnahmen heraus zu lo\u0308schen.\u00a0 Ich [&hellip;]","og_url":"https:\/\/www.highnoon.art\/fr\/boote-serie-venedig\/","og_site_name":"High Noon","article_modified_time":"2024-09-10T19:28:45+00:00","og_image":[{"url":"https:\/\/www.highnoon.art\/wp-content\/uploads\/2021\/07\/DSF6420_Final_retouch_Virus_embedded_square-1024x1024.jpg","type":"","width":"","height":""}],"twitter_card":"summary_large_image","twitter_misc":{"Dur\u00e9e de lecture estim\u00e9e":"3 minutes"},"schema":{"@context":"https:\/\/schema.org","@graph":[{"@type":"WebPage","@id":"https:\/\/www.highnoon.art\/boote-serie-venedig\/","url":"https:\/\/www.highnoon.art\/boote-serie-venedig\/","name":"Bateaux s\u00e9rie Venise - High Noon","isPartOf":{"@id":"https:\/\/www.highnoon.art\/#website"},"primaryImageOfPage":{"@id":"https:\/\/www.highnoon.art\/boote-serie-venedig\/#primaryimage"},"image":{"@id":"https:\/\/www.highnoon.art\/boote-serie-venedig\/#primaryimage"},"thumbnailUrl":"https:\/\/www.highnoon.art\/wp-content\/uploads\/2021\/07\/DSF6420_Final_retouch_Virus_embedded_square-1024x1024.jpg","datePublished":"2021-05-07T19:27:38+00:00","dateModified":"2024-09-10T19:28:45+00:00","breadcrumb":{"@id":"https:\/\/www.highnoon.art\/boote-serie-venedig\/#breadcrumb"},"inLanguage":"fr-FR","potentialAction":[{"@type":"ReadAction","target":["https:\/\/www.highnoon.art\/boote-serie-venedig\/"]}]},{"@type":"ImageObject","inLanguage":"fr-FR","@id":"https:\/\/www.highnoon.art\/boote-serie-venedig\/#primaryimage","url":"https:\/\/www.highnoon.art\/wp-content\/uploads\/2021\/07\/DSF6420_Final_retouch_Virus_embedded_square-1024x1024.jpg","contentUrl":"https:\/\/www.highnoon.art\/wp-content\/uploads\/2021\/07\/DSF6420_Final_retouch_Virus_embedded_square-1024x1024.jpg"},{"@type":"BreadcrumbList","@id":"https:\/\/www.highnoon.art\/boote-serie-venedig\/#breadcrumb","itemListElement":[{"@type":"ListItem","position":1,"name":"Startseite","item":"https:\/\/www.highnoon.art\/"},{"@type":"ListItem","position":2,"name":"Boote Serie Venedig"}]},{"@type":"WebSite","@id":"https:\/\/www.highnoon.art\/#website","url":"https:\/\/www.highnoon.art\/","name":"High Noon","description":"","publisher":{"@id":"https:\/\/www.highnoon.art\/#organization"},"potentialAction":[{"@type":"SearchAction","target":{"@type":"EntryPoint","urlTemplate":"https:\/\/www.highnoon.art\/?s={search_term_string}"},"query-input":{"@type":"PropertyValueSpecification","valueRequired":true,"valueName":"search_term_string"}}],"inLanguage":"fr-FR"},{"@type":"Organization","@id":"https:\/\/www.highnoon.art\/#organization","name":"High Noon","url":"https:\/\/www.highnoon.art\/","logo":{"@type":"ImageObject","inLanguage":"fr-FR","@id":"https:\/\/www.highnoon.art\/#\/schema\/logo\/image\/","url":"https:\/\/www.highnoon.art\/wp-content\/uploads\/2021\/07\/high-noon_white_moved.jpg","contentUrl":"https:\/\/www.highnoon.art\/wp-content\/uploads\/2021\/07\/high-noon_white_moved.jpg","width":1137,"height":159,"caption":"High Noon"},"image":{"@id":"https:\/\/www.highnoon.art\/#\/schema\/logo\/image\/"}}]}},"_links":{"self":[{"href":"https:\/\/www.highnoon.art\/fr\/wp-json\/wp\/v2\/pages\/6320","targetHints":{"allow":["GET"]}}],"collection":[{"href":"https:\/\/www.highnoon.art\/fr\/wp-json\/wp\/v2\/pages"}],"about":[{"href":"https:\/\/www.highnoon.art\/fr\/wp-json\/wp\/v2\/types\/page"}],"author":[{"embeddable":true,"href":"https:\/\/www.highnoon.art\/fr\/wp-json\/wp\/v2\/users\/1"}],"replies":[{"embeddable":true,"href":"https:\/\/www.highnoon.art\/fr\/wp-json\/wp\/v2\/comments?post=6320"}],"version-history":[{"count":0,"href":"https:\/\/www.highnoon.art\/fr\/wp-json\/wp\/v2\/pages\/6320\/revisions"}],"wp:attachment":[{"href":"https:\/\/www.highnoon.art\/fr\/wp-json\/wp\/v2\/media?parent=6320"}],"curies":[{"name":"wp","href":"https:\/\/api.w.org\/{rel}","templated":true}]}}