{"id":4401,"date":"2021-01-05T02:01:57","date_gmt":"2021-01-05T00:01:57","guid":{"rendered":"https:\/\/www.highnoon.art\/?page_id=4401"},"modified":"2025-03-22T03:37:21","modified_gmt":"2025-03-22T01:37:21","slug":"bildqualitaet","status":"publish","type":"page","link":"https:\/\/www.highnoon.art\/fr\/bildqualitaet\/","title":{"rendered":"Qualit\u00e9 d'image"},"content":{"rendered":"<div data-elementor-type=\"wp-page\" data-elementor-id=\"4401\" class=\"elementor elementor-4401\" data-elementor-post-type=\"page\">\n\t\t\t\t\t\t<section class=\"elementor-section elementor-top-section elementor-element elementor-element-b7d2619 elementor-section-boxed elementor-section-height-default elementor-section-height-default\" data-id=\"b7d2619\" data-element_type=\"section\" data-e-type=\"section\">\n\t\t\t\t\t\t<div class=\"elementor-container elementor-column-gap-default\">\n\t\t\t\t\t<div class=\"elementor-column elementor-col-100 elementor-top-column elementor-element elementor-element-540cb1c\" data-id=\"540cb1c\" data-element_type=\"column\" data-e-type=\"column\">\n\t\t\t<div class=\"elementor-widget-wrap elementor-element-populated\">\n\t\t\t\t\t\t<div class=\"elementor-element elementor-element-75014b0 elementor-widget elementor-widget-text-editor\" data-id=\"75014b0\" data-element_type=\"widget\" data-e-type=\"widget\" data-widget_type=\"text-editor.default\">\n\t\t\t\t<div class=\"elementor-widget-container\">\n\t\t\t\t\t\t\t\t\t<div class=\"page\" title=\"Page 1\"><div class=\"layoutArea\"><div class=\"column\"><div class=\"page\" title=\"Page 1\"><div class=\"layoutArea\"><div class=\"column\"><p>Toutes les photographies du <strong>High Noon<\/strong> Les photos du deuxi\u00e8me cycle sont r\u00e9alis\u00e9es avec un syst\u00e8me num\u00e9rique moyen format d'une r\u00e9solution de plus de 100 MP. L'immense plage dynamique qui peut \u00eatre reproduite et la qualit\u00e9 optique exceptionnelle des objectifs, capables de rendre visibles les d\u00e9tails les plus fins, ne sont pas moins importantes que la r\u00e9solution pure.<\/p><p>Vous pouvez vous en faire une id\u00e9e en regardant des extraits agrandis et non comprim\u00e9s de deux \u0153uvres s\u00e9lectionn\u00e9es.<\/p><\/div><\/div><\/div><\/div><\/div><\/div>\t\t\t\t\t\t\t\t<\/div>\n\t\t\t\t<\/div>\n\t\t\t\t\t<\/div>\n\t\t<\/div>\n\t\t\t\t\t<\/div>\n\t\t<\/section>\n\t\t\t\t<section class=\"elementor-section elementor-top-section elementor-element elementor-element-344f31f elementor-section-boxed elementor-section-height-default elementor-section-height-default\" data-id=\"344f31f\" data-element_type=\"section\" data-e-type=\"section\">\n\t\t\t\t\t\t<div class=\"elementor-container elementor-column-gap-default\">\n\t\t\t\t\t<div class=\"elementor-column elementor-col-100 elementor-top-column elementor-element elementor-element-9f17d83\" data-id=\"9f17d83\" data-element_type=\"column\" data-e-type=\"column\">\n\t\t\t<div class=\"elementor-widget-wrap elementor-element-populated\">\n\t\t\t\t\t\t<div class=\"elementor-element elementor-element-ef87cd7 elementor-widget elementor-widget-gallery\" data-id=\"ef87cd7\" data-element_type=\"widget\" data-e-type=\"widget\" data-settings=\"{&quot;columns&quot;:2,&quot;gap&quot;:{&quot;unit&quot;:&quot;px&quot;,&quot;size&quot;:15,&quot;sizes&quot;:[]},&quot;aspect_ratio&quot;:&quot;1:1&quot;,&quot;lazyload&quot;:&quot;yes&quot;,&quot;gallery_layout&quot;:&quot;grid&quot;,&quot;columns_tablet&quot;:2,&quot;columns_mobile&quot;:1,&quot;gap_tablet&quot;:{&quot;unit&quot;:&quot;px&quot;,&quot;size&quot;:10,&quot;sizes&quot;:[]},&quot;gap_mobile&quot;:{&quot;unit&quot;:&quot;px&quot;,&quot;size&quot;:10,&quot;sizes&quot;:[]},&quot;link_to&quot;:&quot;file&quot;,&quot;overlay_background&quot;:&quot;yes&quot;,&quot;content_hover_animation&quot;:&quot;fade-in&quot;}\" data-widget_type=\"gallery.default\">\n\t\t\t\t<div class=\"elementor-widget-container\">\n\t\t\t\t\t\t\t<div class=\"elementor-gallery__container\">\n\t\t\t\t\t\t\t<a class=\"e-gallery-item elementor-gallery-item elementor-animated-content\" href=\"https:\/\/www.highnoon.art\/wp-content\/uploads\/2025\/01\/DSF5257_Final_retouch_Virus_embedded.jpg\" data-elementor-open-lightbox=\"yes\" data-elementor-lightbox-slideshow=\"ef87cd7\" data-elementor-lightbox-title=\"Florenz, November 2020 \u00b7 Photography: Julian Kirschler \u00b7 Digital Artwork: Julian Kirschler\" data-e-action-hash=\"#elementor-action%3Aaction%3Dlightbox%26settings%3DeyJpZCI6MTMyODQsInVybCI6Imh0dHBzOlwvXC93d3cuaGlnaG5vb24uYXJ0XC93cC1jb250ZW50XC91cGxvYWRzXC8yMDI1XC8wMVwvRFNGNTI1N19GaW5hbF9yZXRvdWNoX1ZpcnVzX2VtYmVkZGVkLmpwZyIsInNsaWRlc2hvdyI6ImVmODdjZDcifQ%3D%3D\">\n\t\t\t\t\t<div class=\"e-gallery-image elementor-gallery-item__image\" data-thumbnail=\"https:\/\/www.highnoon.art\/wp-content\/uploads\/2025\/01\/DSF5257_Final_retouch_Virus_embedded.jpg\" data-width=\"5000\" data-height=\"3750\" aria-label=\"\" role=\"img\" ><\/div>\n\t\t\t\t\t\t\t\t\t\t\t<div class=\"elementor-gallery-item__overlay\"><\/div>\n\t\t\t\t\t\t\t\t\t\t\t\t\t\t<\/a>\n\t\t\t\t\t\t\t<a class=\"e-gallery-item elementor-gallery-item elementor-animated-content\" href=\"https:\/\/www.highnoon.art\/wp-content\/uploads\/2025\/01\/DSF5649_Final_retouch_Virus_embedded_square.jpg\" data-elementor-open-lightbox=\"yes\" data-elementor-lightbox-slideshow=\"ef87cd7\" data-elementor-lightbox-title=\"Siena, November 2020 \u00b7 Photography: Julian Kirschler \u00b7 Digital Artwork: Julian Kirschler\" data-e-action-hash=\"#elementor-action%3Aaction%3Dlightbox%26settings%3DeyJpZCI6MTMyOTEsInVybCI6Imh0dHBzOlwvXC93d3cuaGlnaG5vb24uYXJ0XC93cC1jb250ZW50XC91cGxvYWRzXC8yMDI1XC8wMVwvRFNGNTY0OV9GaW5hbF9yZXRvdWNoX1ZpcnVzX2VtYmVkZGVkX3NxdWFyZS5qcGciLCJzbGlkZXNob3ciOiJlZjg3Y2Q3In0%3D\">\n\t\t\t\t\t<div class=\"e-gallery-image elementor-gallery-item__image\" data-thumbnail=\"https:\/\/www.highnoon.art\/wp-content\/uploads\/2025\/01\/DSF5649_Final_retouch_Virus_embedded_square.jpg\" data-width=\"5000\" data-height=\"5000\" aria-label=\"\" role=\"img\" ><\/div>\n\t\t\t\t\t\t\t\t\t\t\t<div class=\"elementor-gallery-item__overlay\"><\/div>\n\t\t\t\t\t\t\t\t\t\t\t\t\t\t<\/a>\n\t\t\t\t\t<\/div>\n\t\t\t\t\t<\/div>\n\t\t\t\t<\/div>\n\t\t\t\t\t<\/div>\n\t\t<\/div>\n\t\t\t\t\t<\/div>\n\t\t<\/section>\n\t\t\t\t<section class=\"elementor-section elementor-top-section elementor-element elementor-element-b4feda8 elementor-section-boxed elementor-section-height-default elementor-section-height-default\" data-id=\"b4feda8\" data-element_type=\"section\" data-e-type=\"section\">\n\t\t\t\t\t\t<div class=\"elementor-container elementor-column-gap-default\">\n\t\t\t\t\t<div class=\"elementor-column elementor-col-100 elementor-top-column elementor-element elementor-element-e629690\" data-id=\"e629690\" data-element_type=\"column\" data-e-type=\"column\">\n\t\t\t<div class=\"elementor-widget-wrap elementor-element-populated\">\n\t\t\t\t\t\t<div class=\"elementor-element elementor-element-11fb1a1 elementor-widget elementor-widget-spacer\" data-id=\"11fb1a1\" data-element_type=\"widget\" data-e-type=\"widget\" data-widget_type=\"spacer.default\">\n\t\t\t\t<div class=\"elementor-widget-container\">\n\t\t\t\t\t\t\t<div class=\"elementor-spacer\">\n\t\t\t<div class=\"elementor-spacer-inner\"><\/div>\n\t\t<\/div>\n\t\t\t\t\t\t<\/div>\n\t\t\t\t<\/div>\n\t\t\t\t\t<\/div>\n\t\t<\/div>\n\t\t\t\t\t<\/div>\n\t\t<\/section>\n\t\t\t\t<\/div>","protected":false},"excerpt":{"rendered":"<p>Alle Fotografien des High Noon Zyklus entstehen mit einem digitalen Mittelformatsystem mit einer Auflo\u0308sung von u\u0308ber 100 MP. Nicht weniger wichtig als die reine Auflo\u0308sung, ist der immense Dynamikumfang der abgebildet werden kann und die herausragende optische Qualita\u0308t der Objektive, die in der Lage sind, feinste Details sichtbar zu machen. Einen Eindruck davon erhalten Sie [&hellip;]<\/p>\n","protected":false},"author":1,"featured_media":0,"parent":0,"menu_order":0,"comment_status":"closed","ping_status":"closed","template":"","meta":{"footnotes":""},"class_list":["post-4401","page","type-page","status-publish","hentry"],"yoast_head":"<!-- This site is optimized with the Yoast SEO plugin v27.5 - https:\/\/yoast.com\/product\/yoast-seo-wordpress\/ -->\n<title>Bildqualit\u00e4t - High Noon<\/title>\n<meta name=\"robots\" content=\"index, follow, max-snippet:-1, max-image-preview:large, max-video-preview:-1\" \/>\n<link rel=\"canonical\" href=\"https:\/\/www.highnoon.art\/fr\/bildqualitaet\/\" \/>\n<meta property=\"og:locale\" content=\"fr_FR\" \/>\n<meta property=\"og:type\" content=\"article\" \/>\n<meta property=\"og:title\" content=\"Bildqualit\u00e4t - High Noon\" \/>\n<meta property=\"og:description\" content=\"Alle Fotografien des High Noon Zyklus entstehen mit einem digitalen Mittelformatsystem mit einer Auflo\u0308sung von u\u0308ber 100 MP. Nicht weniger wichtig als die reine Auflo\u0308sung, ist der immense Dynamikumfang der abgebildet werden kann und die herausragende optische Qualita\u0308t der Objektive, die in der Lage sind, feinste Details sichtbar zu machen. Einen Eindruck davon erhalten Sie [&hellip;]\" \/>\n<meta property=\"og:url\" content=\"https:\/\/www.highnoon.art\/fr\/bildqualitaet\/\" \/>\n<meta property=\"og:site_name\" content=\"High Noon\" \/>\n<meta property=\"article:modified_time\" content=\"2025-03-22T01:37:21+00:00\" \/>\n<meta name=\"twitter:card\" content=\"summary_large_image\" \/>\n<meta name=\"twitter:label1\" content=\"Dur\u00e9e de lecture estim\u00e9e\" \/>\n\t<meta name=\"twitter:data1\" content=\"1 minute\" \/>\n<script type=\"application\/ld+json\" class=\"yoast-schema-graph\">{\"@context\":\"https:\\\/\\\/schema.org\",\"@graph\":[{\"@type\":\"WebPage\",\"@id\":\"https:\\\/\\\/www.highnoon.art\\\/bildqualitaet\\\/\",\"url\":\"https:\\\/\\\/www.highnoon.art\\\/bildqualitaet\\\/\",\"name\":\"Bildqualit\u00e4t - High Noon\",\"isPartOf\":{\"@id\":\"https:\\\/\\\/www.highnoon.art\\\/#website\"},\"datePublished\":\"2021-01-05T00:01:57+00:00\",\"dateModified\":\"2025-03-22T01:37:21+00:00\",\"breadcrumb\":{\"@id\":\"https:\\\/\\\/www.highnoon.art\\\/bildqualitaet\\\/#breadcrumb\"},\"inLanguage\":\"fr-FR\",\"potentialAction\":[{\"@type\":\"ReadAction\",\"target\":[\"https:\\\/\\\/www.highnoon.art\\\/bildqualitaet\\\/\"]}]},{\"@type\":\"BreadcrumbList\",\"@id\":\"https:\\\/\\\/www.highnoon.art\\\/bildqualitaet\\\/#breadcrumb\",\"itemListElement\":[{\"@type\":\"ListItem\",\"position\":1,\"name\":\"Startseite\",\"item\":\"https:\\\/\\\/www.highnoon.art\\\/\"},{\"@type\":\"ListItem\",\"position\":2,\"name\":\"Bildqualit\u00e4t\"}]},{\"@type\":\"WebSite\",\"@id\":\"https:\\\/\\\/www.highnoon.art\\\/#website\",\"url\":\"https:\\\/\\\/www.highnoon.art\\\/\",\"name\":\"High Noon\",\"description\":\"\",\"publisher\":{\"@id\":\"https:\\\/\\\/www.highnoon.art\\\/#organization\"},\"potentialAction\":[{\"@type\":\"SearchAction\",\"target\":{\"@type\":\"EntryPoint\",\"urlTemplate\":\"https:\\\/\\\/www.highnoon.art\\\/?s={search_term_string}\"},\"query-input\":{\"@type\":\"PropertyValueSpecification\",\"valueRequired\":true,\"valueName\":\"search_term_string\"}}],\"inLanguage\":\"fr-FR\"},{\"@type\":\"Organization\",\"@id\":\"https:\\\/\\\/www.highnoon.art\\\/#organization\",\"name\":\"High Noon\",\"url\":\"https:\\\/\\\/www.highnoon.art\\\/\",\"logo\":{\"@type\":\"ImageObject\",\"inLanguage\":\"fr-FR\",\"@id\":\"https:\\\/\\\/www.highnoon.art\\\/#\\\/schema\\\/logo\\\/image\\\/\",\"url\":\"https:\\\/\\\/www.highnoon.art\\\/wp-content\\\/uploads\\\/2021\\\/07\\\/high-noon_white_moved.jpg\",\"contentUrl\":\"https:\\\/\\\/www.highnoon.art\\\/wp-content\\\/uploads\\\/2021\\\/07\\\/high-noon_white_moved.jpg\",\"width\":1137,\"height\":159,\"caption\":\"High Noon\"},\"image\":{\"@id\":\"https:\\\/\\\/www.highnoon.art\\\/#\\\/schema\\\/logo\\\/image\\\/\"}}]}<\/script>\n<!-- \/ Yoast SEO plugin. -->","yoast_head_json":{"title":"Qualit\u00e9 d'image - High Noon","robots":{"index":"index","follow":"follow","max-snippet":"max-snippet:-1","max-image-preview":"max-image-preview:large","max-video-preview":"max-video-preview:-1"},"canonical":"https:\/\/www.highnoon.art\/fr\/bildqualitaet\/","og_locale":"fr_FR","og_type":"article","og_title":"Bildqualit\u00e4t - High Noon","og_description":"Alle Fotografien des High Noon Zyklus entstehen mit einem digitalen Mittelformatsystem mit einer Auflo\u0308sung von u\u0308ber 100 MP. Nicht weniger wichtig als die reine Auflo\u0308sung, ist der immense Dynamikumfang der abgebildet werden kann und die herausragende optische Qualita\u0308t der Objektive, die in der Lage sind, feinste Details sichtbar zu machen. Einen Eindruck davon erhalten Sie [&hellip;]","og_url":"https:\/\/www.highnoon.art\/fr\/bildqualitaet\/","og_site_name":"High Noon","article_modified_time":"2025-03-22T01:37:21+00:00","twitter_card":"summary_large_image","twitter_misc":{"Dur\u00e9e de lecture estim\u00e9e":"1 minute"},"schema":{"@context":"https:\/\/schema.org","@graph":[{"@type":"WebPage","@id":"https:\/\/www.highnoon.art\/bildqualitaet\/","url":"https:\/\/www.highnoon.art\/bildqualitaet\/","name":"Qualit\u00e9 d'image - High Noon","isPartOf":{"@id":"https:\/\/www.highnoon.art\/#website"},"datePublished":"2021-01-05T00:01:57+00:00","dateModified":"2025-03-22T01:37:21+00:00","breadcrumb":{"@id":"https:\/\/www.highnoon.art\/bildqualitaet\/#breadcrumb"},"inLanguage":"fr-FR","potentialAction":[{"@type":"ReadAction","target":["https:\/\/www.highnoon.art\/bildqualitaet\/"]}]},{"@type":"BreadcrumbList","@id":"https:\/\/www.highnoon.art\/bildqualitaet\/#breadcrumb","itemListElement":[{"@type":"ListItem","position":1,"name":"Startseite","item":"https:\/\/www.highnoon.art\/"},{"@type":"ListItem","position":2,"name":"Bildqualit\u00e4t"}]},{"@type":"WebSite","@id":"https:\/\/www.highnoon.art\/#website","url":"https:\/\/www.highnoon.art\/","name":"High Noon","description":"","publisher":{"@id":"https:\/\/www.highnoon.art\/#organization"},"potentialAction":[{"@type":"SearchAction","target":{"@type":"EntryPoint","urlTemplate":"https:\/\/www.highnoon.art\/?s={search_term_string}"},"query-input":{"@type":"PropertyValueSpecification","valueRequired":true,"valueName":"search_term_string"}}],"inLanguage":"fr-FR"},{"@type":"Organization","@id":"https:\/\/www.highnoon.art\/#organization","name":"High Noon","url":"https:\/\/www.highnoon.art\/","logo":{"@type":"ImageObject","inLanguage":"fr-FR","@id":"https:\/\/www.highnoon.art\/#\/schema\/logo\/image\/","url":"https:\/\/www.highnoon.art\/wp-content\/uploads\/2021\/07\/high-noon_white_moved.jpg","contentUrl":"https:\/\/www.highnoon.art\/wp-content\/uploads\/2021\/07\/high-noon_white_moved.jpg","width":1137,"height":159,"caption":"High Noon"},"image":{"@id":"https:\/\/www.highnoon.art\/#\/schema\/logo\/image\/"}}]}},"_links":{"self":[{"href":"https:\/\/www.highnoon.art\/fr\/wp-json\/wp\/v2\/pages\/4401","targetHints":{"allow":["GET"]}}],"collection":[{"href":"https:\/\/www.highnoon.art\/fr\/wp-json\/wp\/v2\/pages"}],"about":[{"href":"https:\/\/www.highnoon.art\/fr\/wp-json\/wp\/v2\/types\/page"}],"author":[{"embeddable":true,"href":"https:\/\/www.highnoon.art\/fr\/wp-json\/wp\/v2\/users\/1"}],"replies":[{"embeddable":true,"href":"https:\/\/www.highnoon.art\/fr\/wp-json\/wp\/v2\/comments?post=4401"}],"version-history":[{"count":0,"href":"https:\/\/www.highnoon.art\/fr\/wp-json\/wp\/v2\/pages\/4401\/revisions"}],"wp:attachment":[{"href":"https:\/\/www.highnoon.art\/fr\/wp-json\/wp\/v2\/media?parent=4401"}],"curies":[{"name":"wp","href":"https:\/\/api.w.org\/{rel}","templated":true}]}}