{"id":23,"date":"2020-12-20T00:18:58","date_gmt":"2020-12-19T22:18:58","guid":{"rendered":"https:\/\/www.highnoon.art\/?page_id=23"},"modified":"2024-11-18T03:44:03","modified_gmt":"2024-11-18T01:44:03","slug":"ueber-high-noon-about","status":"publish","type":"page","link":"https:\/\/www.highnoon.art\/fr\/","title":{"rendered":"\u00c0 propos de High Noon"},"content":{"rendered":"<div data-elementor-type=\"wp-page\" data-elementor-id=\"23\" class=\"elementor elementor-23\" data-elementor-post-type=\"page\">\n\t\t\t\t\t\t<section class=\"elementor-section elementor-top-section elementor-element elementor-element-b7d2619 elementor-section-boxed elementor-section-height-default elementor-section-height-default\" data-id=\"b7d2619\" data-element_type=\"section\" data-e-type=\"section\">\n\t\t\t\t\t\t<div class=\"elementor-container elementor-column-gap-default\">\n\t\t\t\t\t<div class=\"elementor-column elementor-col-100 elementor-top-column elementor-element elementor-element-540cb1c\" data-id=\"540cb1c\" data-element_type=\"column\" data-e-type=\"column\">\n\t\t\t<div class=\"elementor-widget-wrap elementor-element-populated\">\n\t\t\t\t\t\t<div class=\"elementor-element elementor-element-75014b0 elementor-widget elementor-widget-text-editor\" data-id=\"75014b0\" data-element_type=\"widget\" data-e-type=\"widget\" data-widget_type=\"text-editor.default\">\n\t\t\t\t<div class=\"elementor-widget-container\">\n\t\t\t\t\t\t\t\t\t<div class=\"page\" title=\"Page 1\"><div class=\"layoutArea\"><div class=\"column\"><p>La s\u00e9rie HIGH NOON du photographe Julian Kirschler montre des lieux d\u00e9serts qu'il a photographi\u00e9s dans diff\u00e9rentes villes europ\u00e9ennes apr\u00e8s l'adoption de mesures restrictives pour endiguer la pand\u00e9mie de Covid-19. Craignant une croissance exponentielle du nombre de cas, les gouvernements du monde entier avaient impos\u00e9 des restrictions de sortie parfois rigoureuses afin d'endiguer la propagation du virus. Accompagn\u00e9es d'un \u00e9cho m\u00e9diatique sans pr\u00e9c\u00e9dent, les informations sur les caravanes de cadavres et les villes fantomatiques se sont multipli\u00e9es. Des sc\u00e9narios inqui\u00e9tants, qui rappellent des films hollywoodiens comme Twelve Monkeys ou Outbreak, dominent depuis lors les discours m\u00e9diatiques.<\/p><p>Pendant le shutdown, d'innombrables photographies fantomatiques de rues vides et de places d\u00e9sertes ont \u00e9t\u00e9 prises dans le monde entier. Contrairement aux clich\u00e9s de ces \"villes fant\u00f4mes\", les images de la s\u00e9rie High Noon d\u00e9clenchent toutefois le sentiment oppressant de l'\u00e9trange. Kirschler a infect\u00e9 le \"graphisme\" haute r\u00e9solution de ses s\u00e9quences d'images avec un virus num\u00e9rique qui g\u00e9n\u00e8re des espaces visuels fantastiques, tels que nous les connaissons dans les mondes artificiels des jeux vid\u00e9o. De nombreux fichiers bruts trait\u00e9s donnent l'impression d'avoir \u00e9t\u00e9 programm\u00e9s avec un moteur de jeu. La duplication, la superposition et le d\u00e9placement du plan de prise de vue, mais surtout la projection centrale et l'\u00e9clairage high-key, cr\u00e9ent des effets tels qu'ils sont g\u00e9n\u00e9r\u00e9s dans l'infographie 3D des jeux de tir \u00e0 la premi\u00e8re personne au moyen du modelage, du texturing, du shading et du reflectionmapping. Toutes les images de la s\u00e9rie disposent en outre, lorsqu'on les regarde \u00e0 l'\u00e9cran, d'une fonction zoom-in\/out qui sugg\u00e8re que nous pouvons nous immerger dans les images.<\/p><\/div><p>Robert Eikmeyer<\/p><p>(Extrait de : <a href=\"https:\/\/www.highnoon.art\/wp-content\/uploads\/2021\/07\/Dr.-Robert-Eikmeyer_Der-Geist-ist-ein-Virus.-Zu-den-Fotografien-von-Julian-Kirschler.pdf\" target=\"_blank\" rel=\"noopener\">L'esprit est un virus.<\/a> La s\u00e9rie HIGH NOON du photographe <a href=\"https:\/\/www.highnoon.art\/wp-content\/uploads\/2021\/07\/Artiststatement_High-Noon.pdf\" target=\"_blank\" rel=\"noopener\">Julian Kirschler<\/a>, 2020)<\/p><\/div><\/div>\t\t\t\t\t\t\t\t<\/div>\n\t\t\t\t<\/div>\n\t\t\t\t\t<\/div>\n\t\t<\/div>\n\t\t\t\t\t<\/div>\n\t\t<\/section>\n\t\t\t\t<section class=\"elementor-section elementor-top-section elementor-element elementor-element-4fabddb elementor-section-boxed elementor-section-height-default elementor-section-height-default\" data-id=\"4fabddb\" data-element_type=\"section\" data-e-type=\"section\">\n\t\t\t\t\t\t<div class=\"elementor-container elementor-column-gap-default\">\n\t\t\t\t\t<div class=\"elementor-column elementor-col-100 elementor-top-column elementor-element elementor-element-b26cd39\" data-id=\"b26cd39\" data-element_type=\"column\" data-e-type=\"column\">\n\t\t\t<div class=\"elementor-widget-wrap elementor-element-populated\">\n\t\t\t\t\t\t<div class=\"elementor-element elementor-element-bfc6d38 elementor-widget elementor-widget-spacer\" data-id=\"bfc6d38\" data-element_type=\"widget\" data-e-type=\"widget\" data-widget_type=\"spacer.default\">\n\t\t\t\t<div class=\"elementor-widget-container\">\n\t\t\t\t\t\t\t<div class=\"elementor-spacer\">\n\t\t\t<div class=\"elementor-spacer-inner\"><\/div>\n\t\t<\/div>\n\t\t\t\t\t\t<\/div>\n\t\t\t\t<\/div>\n\t\t\t\t\t<\/div>\n\t\t<\/div>\n\t\t\t\t\t<\/div>\n\t\t<\/section>\n\t\t\t\t<\/div>","protected":false},"excerpt":{"rendered":"<p>Die HIGH NOON-Serie des Fotografen Julian Kirschler zeigt menschenleere Orte, die er nach dem Beschluss der restriktiven Ma\u00dfnahmen zur Eind\u00e4mmung der Covid-19-Pandemie in verschiedenen europ\u00e4ischen St\u00e4dten aufgenommen hat. Aus Angst vor exponentiell wachsenden Fallzahlen hatten die Regierungen weltweit zum Teil rigorose Ausgangsbeschr\u00e4nkungen verh\u00e4ngt, um die weitere Ausbreitung des Virus einzud\u00e4mmen. Begleitet von einem zuvor nie [&hellip;]<\/p>\n","protected":false},"author":1,"featured_media":10130,"parent":0,"menu_order":0,"comment_status":"closed","ping_status":"closed","template":"elementor_header_footer","meta":{"footnotes":""},"class_list":["post-23","page","type-page","status-publish","has-post-thumbnail","hentry"],"yoast_head":"<!-- This site is optimized with the Yoast SEO plugin v27.4 - https:\/\/yoast.com\/product\/yoast-seo-wordpress\/ -->\n<title>\u00dcber High Noon - High Noon<\/title>\n<meta name=\"description\" content=\"Die HIGH NOON-Serie des Fotografen Julian Kirschler zeigt menschenleere Orte, die er nach dem Beschluss der restriktiven Ma\u00dfnahmen zur Eind\u00e4mmung der Covid-19-Pandemie in verschiedenen europ\u00e4ischen St\u00e4dten aufgenommen hat.\" \/>\n<meta name=\"robots\" content=\"index, follow, max-snippet:-1, max-image-preview:large, max-video-preview:-1\" \/>\n<link rel=\"canonical\" href=\"https:\/\/www.highnoon.art\/fr\/\" \/>\n<meta property=\"og:locale\" content=\"fr_FR\" \/>\n<meta property=\"og:type\" content=\"article\" \/>\n<meta property=\"og:title\" content=\"\u00dcber High Noon - High Noon\" \/>\n<meta property=\"og:description\" content=\"Die HIGH NOON-Serie des Fotografen Julian Kirschler zeigt menschenleere Orte, die er nach dem Beschluss der restriktiven Ma\u00dfnahmen zur Eind\u00e4mmung der Covid-19-Pandemie in verschiedenen europ\u00e4ischen St\u00e4dten aufgenommen hat.\" \/>\n<meta property=\"og:url\" content=\"https:\/\/www.highnoon.art\/fr\/\" \/>\n<meta property=\"og:site_name\" content=\"High Noon\" \/>\n<meta property=\"article:modified_time\" content=\"2024-11-18T01:44:03+00:00\" \/>\n<meta property=\"og:image\" content=\"https:\/\/www.highnoon.art\/wp-content\/uploads\/2021\/07\/Cloud-Optimiert.png\" \/>\n\t<meta property=\"og:image:width\" content=\"1080\" \/>\n\t<meta property=\"og:image:height\" content=\"1080\" \/>\n\t<meta property=\"og:image:type\" content=\"image\/png\" \/>\n<meta name=\"twitter:card\" content=\"summary_large_image\" \/>\n<meta name=\"twitter:label1\" content=\"Dur\u00e9e de lecture estim\u00e9e\" \/>\n\t<meta name=\"twitter:data1\" content=\"2 minutes\" \/>\n<script type=\"application\/ld+json\" class=\"yoast-schema-graph\">{\"@context\":\"https:\\\/\\\/schema.org\",\"@graph\":[{\"@type\":\"WebPage\",\"@id\":\"https:\\\/\\\/www.highnoon.art\\\/\",\"url\":\"https:\\\/\\\/www.highnoon.art\\\/\",\"name\":\"\u00dcber High Noon - High Noon\",\"isPartOf\":{\"@id\":\"https:\\\/\\\/www.highnoon.art\\\/#website\"},\"primaryImageOfPage\":{\"@id\":\"https:\\\/\\\/www.highnoon.art\\\/#primaryimage\"},\"image\":{\"@id\":\"https:\\\/\\\/www.highnoon.art\\\/#primaryimage\"},\"thumbnailUrl\":\"https:\\\/\\\/www.highnoon.art\\\/wp-content\\\/uploads\\\/2021\\\/07\\\/Cloud-Optimiert.png\",\"datePublished\":\"2020-12-19T22:18:58+00:00\",\"dateModified\":\"2024-11-18T01:44:03+00:00\",\"description\":\"Die HIGH NOON-Serie des Fotografen Julian Kirschler zeigt menschenleere Orte, die er nach dem Beschluss der restriktiven Ma\u00dfnahmen zur Eind\u00e4mmung der Covid-19-Pandemie in verschiedenen europ\u00e4ischen St\u00e4dten aufgenommen hat.\",\"breadcrumb\":{\"@id\":\"https:\\\/\\\/www.highnoon.art\\\/#breadcrumb\"},\"inLanguage\":\"fr-FR\",\"potentialAction\":[{\"@type\":\"ReadAction\",\"target\":[\"https:\\\/\\\/www.highnoon.art\\\/\"]}]},{\"@type\":\"ImageObject\",\"inLanguage\":\"fr-FR\",\"@id\":\"https:\\\/\\\/www.highnoon.art\\\/#primaryimage\",\"url\":\"https:\\\/\\\/www.highnoon.art\\\/wp-content\\\/uploads\\\/2021\\\/07\\\/Cloud-Optimiert.png\",\"contentUrl\":\"https:\\\/\\\/www.highnoon.art\\\/wp-content\\\/uploads\\\/2021\\\/07\\\/Cloud-Optimiert.png\",\"width\":1080,\"height\":1080},{\"@type\":\"BreadcrumbList\",\"@id\":\"https:\\\/\\\/www.highnoon.art\\\/#breadcrumb\",\"itemListElement\":[{\"@type\":\"ListItem\",\"position\":1,\"name\":\"Startseite\",\"item\":\"https:\\\/\\\/www.highnoon.art\\\/\"},{\"@type\":\"ListItem\",\"position\":2,\"name\":\"\u00dcber High Noon\"}]},{\"@type\":\"WebSite\",\"@id\":\"https:\\\/\\\/www.highnoon.art\\\/#website\",\"url\":\"https:\\\/\\\/www.highnoon.art\\\/\",\"name\":\"High Noon\",\"description\":\"\",\"publisher\":{\"@id\":\"https:\\\/\\\/www.highnoon.art\\\/#organization\"},\"potentialAction\":[{\"@type\":\"SearchAction\",\"target\":{\"@type\":\"EntryPoint\",\"urlTemplate\":\"https:\\\/\\\/www.highnoon.art\\\/?s={search_term_string}\"},\"query-input\":{\"@type\":\"PropertyValueSpecification\",\"valueRequired\":true,\"valueName\":\"search_term_string\"}}],\"inLanguage\":\"fr-FR\"},{\"@type\":\"Organization\",\"@id\":\"https:\\\/\\\/www.highnoon.art\\\/#organization\",\"name\":\"High Noon\",\"url\":\"https:\\\/\\\/www.highnoon.art\\\/\",\"logo\":{\"@type\":\"ImageObject\",\"inLanguage\":\"fr-FR\",\"@id\":\"https:\\\/\\\/www.highnoon.art\\\/#\\\/schema\\\/logo\\\/image\\\/\",\"url\":\"https:\\\/\\\/www.highnoon.art\\\/wp-content\\\/uploads\\\/2021\\\/07\\\/high-noon_white_moved.jpg\",\"contentUrl\":\"https:\\\/\\\/www.highnoon.art\\\/wp-content\\\/uploads\\\/2021\\\/07\\\/high-noon_white_moved.jpg\",\"width\":1137,\"height\":159,\"caption\":\"High Noon\"},\"image\":{\"@id\":\"https:\\\/\\\/www.highnoon.art\\\/#\\\/schema\\\/logo\\\/image\\\/\"}}]}<\/script>\n<!-- \/ Yoast SEO plugin. -->","yoast_head_json":{"title":"\u00c0 propos de High Noon - High Noon","description":"La s\u00e9rie HIGH NOON du photographe Julian Kirschler montre des lieux d\u00e9serts qu'il a photographi\u00e9s dans diff\u00e9rentes villes europ\u00e9ennes apr\u00e8s l'adoption de mesures restrictives pour endiguer la pand\u00e9mie de Covid-19.","robots":{"index":"index","follow":"follow","max-snippet":"max-snippet:-1","max-image-preview":"max-image-preview:large","max-video-preview":"max-video-preview:-1"},"canonical":"https:\/\/www.highnoon.art\/fr\/","og_locale":"fr_FR","og_type":"article","og_title":"\u00dcber High Noon - High Noon","og_description":"Die HIGH NOON-Serie des Fotografen Julian Kirschler zeigt menschenleere Orte, die er nach dem Beschluss der restriktiven Ma\u00dfnahmen zur Eind\u00e4mmung der Covid-19-Pandemie in verschiedenen europ\u00e4ischen St\u00e4dten aufgenommen hat.","og_url":"https:\/\/www.highnoon.art\/fr\/","og_site_name":"High Noon","article_modified_time":"2024-11-18T01:44:03+00:00","og_image":[{"width":1080,"height":1080,"url":"https:\/\/www.highnoon.art\/wp-content\/uploads\/2021\/07\/Cloud-Optimiert.png","type":"image\/png"}],"twitter_card":"summary_large_image","twitter_misc":{"Dur\u00e9e de lecture estim\u00e9e":"2 minutes"},"schema":{"@context":"https:\/\/schema.org","@graph":[{"@type":"WebPage","@id":"https:\/\/www.highnoon.art\/","url":"https:\/\/www.highnoon.art\/","name":"\u00c0 propos de High Noon - High Noon","isPartOf":{"@id":"https:\/\/www.highnoon.art\/#website"},"primaryImageOfPage":{"@id":"https:\/\/www.highnoon.art\/#primaryimage"},"image":{"@id":"https:\/\/www.highnoon.art\/#primaryimage"},"thumbnailUrl":"https:\/\/www.highnoon.art\/wp-content\/uploads\/2021\/07\/Cloud-Optimiert.png","datePublished":"2020-12-19T22:18:58+00:00","dateModified":"2024-11-18T01:44:03+00:00","description":"La s\u00e9rie HIGH NOON du photographe Julian Kirschler montre des lieux d\u00e9serts qu'il a photographi\u00e9s dans diff\u00e9rentes villes europ\u00e9ennes apr\u00e8s l'adoption de mesures restrictives pour endiguer la pand\u00e9mie de Covid-19.","breadcrumb":{"@id":"https:\/\/www.highnoon.art\/#breadcrumb"},"inLanguage":"fr-FR","potentialAction":[{"@type":"ReadAction","target":["https:\/\/www.highnoon.art\/"]}]},{"@type":"ImageObject","inLanguage":"fr-FR","@id":"https:\/\/www.highnoon.art\/#primaryimage","url":"https:\/\/www.highnoon.art\/wp-content\/uploads\/2021\/07\/Cloud-Optimiert.png","contentUrl":"https:\/\/www.highnoon.art\/wp-content\/uploads\/2021\/07\/Cloud-Optimiert.png","width":1080,"height":1080},{"@type":"BreadcrumbList","@id":"https:\/\/www.highnoon.art\/#breadcrumb","itemListElement":[{"@type":"ListItem","position":1,"name":"Startseite","item":"https:\/\/www.highnoon.art\/"},{"@type":"ListItem","position":2,"name":"\u00dcber High Noon"}]},{"@type":"WebSite","@id":"https:\/\/www.highnoon.art\/#website","url":"https:\/\/www.highnoon.art\/","name":"High Noon","description":"","publisher":{"@id":"https:\/\/www.highnoon.art\/#organization"},"potentialAction":[{"@type":"SearchAction","target":{"@type":"EntryPoint","urlTemplate":"https:\/\/www.highnoon.art\/?s={search_term_string}"},"query-input":{"@type":"PropertyValueSpecification","valueRequired":true,"valueName":"search_term_string"}}],"inLanguage":"fr-FR"},{"@type":"Organization","@id":"https:\/\/www.highnoon.art\/#organization","name":"High Noon","url":"https:\/\/www.highnoon.art\/","logo":{"@type":"ImageObject","inLanguage":"fr-FR","@id":"https:\/\/www.highnoon.art\/#\/schema\/logo\/image\/","url":"https:\/\/www.highnoon.art\/wp-content\/uploads\/2021\/07\/high-noon_white_moved.jpg","contentUrl":"https:\/\/www.highnoon.art\/wp-content\/uploads\/2021\/07\/high-noon_white_moved.jpg","width":1137,"height":159,"caption":"High Noon"},"image":{"@id":"https:\/\/www.highnoon.art\/#\/schema\/logo\/image\/"}}]}},"_links":{"self":[{"href":"https:\/\/www.highnoon.art\/fr\/wp-json\/wp\/v2\/pages\/23","targetHints":{"allow":["GET"]}}],"collection":[{"href":"https:\/\/www.highnoon.art\/fr\/wp-json\/wp\/v2\/pages"}],"about":[{"href":"https:\/\/www.highnoon.art\/fr\/wp-json\/wp\/v2\/types\/page"}],"author":[{"embeddable":true,"href":"https:\/\/www.highnoon.art\/fr\/wp-json\/wp\/v2\/users\/1"}],"replies":[{"embeddable":true,"href":"https:\/\/www.highnoon.art\/fr\/wp-json\/wp\/v2\/comments?post=23"}],"version-history":[{"count":0,"href":"https:\/\/www.highnoon.art\/fr\/wp-json\/wp\/v2\/pages\/23\/revisions"}],"wp:featuredmedia":[{"embeddable":true,"href":"https:\/\/www.highnoon.art\/fr\/wp-json\/wp\/v2\/media\/10130"}],"wp:attachment":[{"href":"https:\/\/www.highnoon.art\/fr\/wp-json\/wp\/v2\/media?parent=23"}],"curies":[{"name":"wp","href":"https:\/\/api.w.org\/{rel}","templated":true}]}}