{"id":6320,"date":"2021-05-07T21:27:38","date_gmt":"2021-05-07T19:27:38","guid":{"rendered":"https:\/\/www.highnoon.art\/?page_id=6320"},"modified":"2024-09-10T21:28:45","modified_gmt":"2024-09-10T19:28:45","slug":"boote-serie-venedig","status":"publish","type":"page","link":"https:\/\/www.highnoon.art\/es\/boote-serie-venedig\/","title":{"rendered":"Barcos Serie Venecia"},"content":{"rendered":"<div data-elementor-type=\"wp-page\" data-elementor-id=\"6320\" class=\"elementor elementor-6320\" data-elementor-post-type=\"page\">\n\t\t\t\t\t\t<section class=\"elementor-section elementor-top-section elementor-element elementor-element-24bdd9a elementor-section-boxed elementor-section-height-default elementor-section-height-default\" data-id=\"24bdd9a\" data-element_type=\"section\" data-e-type=\"section\">\n\t\t\t\t\t\t<div class=\"elementor-container elementor-column-gap-default\">\n\t\t\t\t\t<div class=\"elementor-column elementor-col-100 elementor-top-column elementor-element elementor-element-497103f\" data-id=\"497103f\" data-element_type=\"column\" data-e-type=\"column\">\n\t\t\t<div class=\"elementor-widget-wrap elementor-element-populated\">\n\t\t\t\t\t\t<div class=\"elementor-element elementor-element-09b7898 elementor-widget elementor-widget-heading\" data-id=\"09b7898\" data-element_type=\"widget\" data-e-type=\"widget\" data-widget_type=\"heading.default\">\n\t\t\t\t<div class=\"elementor-widget-container\">\n\t\t\t\t\t<h2 class=\"elementor-heading-title elementor-size-default\">Barcos sin piloto en Venecia<\/h2>\t\t\t\t<\/div>\n\t\t\t\t<\/div>\n\t\t\t\t<div class=\"elementor-element elementor-element-c7de8f0 elementor-widget elementor-widget-text-editor\" data-id=\"c7de8f0\" data-element_type=\"widget\" data-e-type=\"widget\" data-widget_type=\"text-editor.default\">\n\t\t\t\t<div class=\"elementor-widget-container\">\n\t\t\t\t\t\t\t\t\t<div class=\"page\" title=\"P\u00e1gina 1\"><div class=\"layoutArea\"><div class=\"column\"><p>una protesta contra un ataque racista<\/p><\/div><\/div><\/div>\t\t\t\t\t\t\t\t<\/div>\n\t\t\t\t<\/div>\n\t\t\t\t<div class=\"elementor-element elementor-element-97f4aea elementor-widget elementor-widget-text-editor\" data-id=\"97f4aea\" data-element_type=\"widget\" data-e-type=\"widget\" data-widget_type=\"text-editor.default\">\n\t\t\t\t<div class=\"elementor-widget-container\">\n\t\t\t\t\t\t\t\t\t<div class=\"page\" title=\"P\u00e1gina 1\"><div class=\"layoutArea\"><div class=\"column\">El 14 de noviembre de 2020, empec\u00e9 a rodar por la ma\u00f1ana para mi <strong><em>Serie High Noon<\/em><\/strong> comenz\u00f3 en Venecia. En el <em>Fundaci\u00f3n Garzotti<\/em> Fui testigo de un incidente espeluznante hacia las 11.30 de la ma\u00f1ana, que desencaden\u00f3 la idea de borrar a los barqueros de la filmaci\u00f3n.\u00a0<\/div><\/div><div class=\"layoutArea\"><div class=\"column\"><div class=\"page\" title=\"P\u00e1gina 1\"><div class=\"layoutArea\"><div class=\"column\"><p>Me encontraba junto a dicho canal para ver una escena enfrente con un cartel amarillo de publicidad de un hotel en el <em>Calle Contarina<\/em> para fotografiar. Hab\u00eda montado mi tr\u00edpode y estaba concentrado en ajustar mi c\u00e1mara. En este punto, no deb\u00ed encontrarme con nadie en 20 minutos, as\u00ed que pens\u00e9 que estaba solo.<\/p><\/div><\/div><\/div><\/div><\/div><\/div>\t\t\t\t\t\t\t\t<\/div>\n\t\t\t\t<\/div>\n\t\t\t\t<section class=\"elementor-section elementor-inner-section elementor-element elementor-element-b370269 elementor-section-boxed elementor-section-height-default elementor-section-height-default\" data-id=\"b370269\" data-element_type=\"section\" data-e-type=\"section\">\n\t\t\t\t\t\t<div class=\"elementor-container elementor-column-gap-default\">\n\t\t\t\t\t<div class=\"elementor-column elementor-col-50 elementor-inner-column elementor-element elementor-element-ec39774\" data-id=\"ec39774\" data-element_type=\"column\" data-e-type=\"column\">\n\t\t\t<div class=\"elementor-widget-wrap elementor-element-populated\">\n\t\t\t\t\t\t<div class=\"elementor-element elementor-element-0c47497 elementor-widget elementor-widget-image\" data-id=\"0c47497\" data-element_type=\"widget\" data-e-type=\"widget\" data-widget_type=\"image.default\">\n\t\t\t\t<div class=\"elementor-widget-container\">\n\t\t\t\t\t\t\t\t\t\t\t\t\t\t\t<img decoding=\"async\" src=\"https:\/\/www.highnoon.art\/wp-content\/uploads\/2021\/07\/DSF6420_Final_retouch_Virus_embedded_square-scaled.jpg\" title=\"\" alt=\"\" loading=\"lazy\" \/>\t\t\t\t\t\t\t\t\t\t\t\t\t\t\t<\/div>\n\t\t\t\t<\/div>\n\t\t\t\t\t<\/div>\n\t\t<\/div>\n\t\t\t\t<div class=\"elementor-column elementor-col-50 elementor-inner-column elementor-element elementor-element-96babf7\" data-id=\"96babf7\" data-element_type=\"column\" data-e-type=\"column\">\n\t\t\t<div class=\"elementor-widget-wrap\">\n\t\t\t\t\t\t\t<\/div>\n\t\t<\/div>\n\t\t\t\t\t<\/div>\n\t\t<\/section>\n\t\t\t\t<div class=\"elementor-element elementor-element-12a0111 elementor-widget elementor-widget-text-editor\" data-id=\"12a0111\" data-element_type=\"widget\" data-e-type=\"widget\" data-widget_type=\"text-editor.default\">\n\t\t\t\t<div class=\"elementor-widget-container\">\n\t\t\t\t\t\t\t\t\t<div class=\"page\" title=\"P\u00e1gina 1\"><div class=\"layoutArea\"><div class=\"column\"><p>Eso s\u00f3lo cambi\u00f3 cuando, en alg\u00fan momento, o\u00ed suaves ruidos de barcos detr\u00e1s de m\u00ed y, al mismo tiempo, sonidos de monos cada vez m\u00e1s fuertes. Me di la vuelta y vi la siguiente escena:<\/p><p>A unos 15 metros detr\u00e1s de m\u00ed hab\u00eda un hombre vestido todo de negro, que me pareci\u00f3 desali\u00f1ado, de entre cincuenta y sesenta a\u00f1os. Mientras en el canal un barco de carga, dirigido por un <em>Persona de color<\/em>Cuando pasaba a su lado, hac\u00eda ruidos de mono.<\/p><p>Lo aterrador no fue s\u00f3lo el incidente en s\u00ed, sino el odio desenfrenado al que fue sometido el barquero, porque los sonidos de los monos no cesaron durante minutos. S\u00f3lo cuando el barco era apenas audible y finalmente dej\u00f3 de ser visible.<\/p><p>Me qued\u00e9 paralizado; lo \u00fanico que pude hacer en aquella situaci\u00f3n fue decir un sonoro \"fascista\" y un gesto de limpiaparabrisas al agresor. Con la distancia, ahora me pregunto qu\u00e9 le pas\u00f3 a esta lamentable persona en la vida para que intentara mejorar su propia existencia humillando a otra persona.<\/p><div class=\"page\" title=\"P\u00e1gina 1\"><div class=\"layoutArea\"><div class=\"column\"><p><strong>Cuando la gente hace el mono<\/strong><br \/>La estupidez que se vuelve invasora, que muestra su rostro en lo inhumano, debe ser enfrentada. Lo hago con mis posibilidades. Es un intento, a pesar de la gravedad y seriedad del hecho, de expresar mi solidaridad con la persona agredida, entre otras cosas con un gui\u00f1o y cierta iron\u00eda. Una protesta silenciosa que esperemos se convierta en muy ruidosa.<\/p><\/div><\/div><\/div><p>De esta inquietante experiencia surgi\u00f3 la idea de fotografiar barcos en los canales de Venecia y, por una actitud de protesta art\u00edstica, eliminar a los respectivos barqueros de las im\u00e1genes.<\/p><p>Cuando un <em>Persona de color<\/em> no puede atravesar Venecia en barco sin ser atacado, herido o insultado, \u00a1entonces nadie en mis fotos deber\u00eda hacerlo!<\/p><div class=\"page\" title=\"P\u00e1gina 1\"><div class=\"layoutArea\"><div class=\"column\"><p>Me gustar\u00eda subastar uno de los cuadros de la serie en Venecia. Si la v\u00edctima puede ser identificada, recibir\u00e1 la recaudaci\u00f3n; si no, el dinero se destinar\u00e1 a una asociaci\u00f3n para la prevenci\u00f3n del racismo y la violencia en el V\u00e9neto.<\/p><div class=\"page\" title=\"P\u00e1gina 1\"><div class=\"layoutArea\"><div class=\"column\"><p>Julian Kirschler<\/p><p><span style=\"color: #db1529;\"><a href=\"https:\/\/www.highnoon.art\/es\/venedig-boote\/\"><strong>A la galer\u00eda de im\u00e1genes<\/strong><\/a><\/span><\/p><\/div><\/div><\/div><\/div><\/div><\/div><\/div><\/div><\/div>\t\t\t\t\t\t\t\t<\/div>\n\t\t\t\t<\/div>\n\t\t\t\t<section class=\"elementor-section elementor-inner-section elementor-element elementor-element-682d6c6 elementor-section-boxed elementor-section-height-default elementor-section-height-default\" data-id=\"682d6c6\" data-element_type=\"section\" data-e-type=\"section\">\n\t\t\t\t\t\t<div class=\"elementor-container elementor-column-gap-default\">\n\t\t\t\t\t<div class=\"elementor-column elementor-col-50 elementor-inner-column elementor-element elementor-element-ec2e866\" data-id=\"ec2e866\" data-element_type=\"column\" data-e-type=\"column\">\n\t\t\t<div class=\"elementor-widget-wrap elementor-element-populated\">\n\t\t\t\t\t\t<div class=\"elementor-element elementor-element-76d5d3e elementor-widget elementor-widget-image\" data-id=\"76d5d3e\" data-element_type=\"widget\" data-e-type=\"widget\" data-widget_type=\"image.default\">\n\t\t\t\t<div class=\"elementor-widget-container\">\n\t\t\t\t\t\t\t\t\t\t\t\t\t\t\t<img decoding=\"async\" src=\"https:\/\/www.highnoon.art\/wp-content\/uploads\/2021\/07\/DSF6972_Final_retouch_Virus_embedded_cut-scaled.jpg\" title=\"\" alt=\"\" loading=\"lazy\" \/>\t\t\t\t\t\t\t\t\t\t\t\t\t\t\t<\/div>\n\t\t\t\t<\/div>\n\t\t\t\t\t<\/div>\n\t\t<\/div>\n\t\t\t\t<div class=\"elementor-column elementor-col-50 elementor-inner-column elementor-element elementor-element-9653ee9\" data-id=\"9653ee9\" data-element_type=\"column\" data-e-type=\"column\">\n\t\t\t<div class=\"elementor-widget-wrap\">\n\t\t\t\t\t\t\t<\/div>\n\t\t<\/div>\n\t\t\t\t\t<\/div>\n\t\t<\/section>\n\t\t\t\t\t<\/div>\n\t\t<\/div>\n\t\t\t\t\t<\/div>\n\t\t<\/section>\n\t\t\t\t<\/div>","protected":false},"excerpt":{"rendered":"<p>F\u00fchrerlose Boote in Venedig ein Protest gegen einen rassistischen U\u0308bergriff Am 14. November 2020 habe ich morgens mit Aufnahmen fu\u0308r meine High Noon Serie in Venedig begonnen. In der Fondamenta Garzotti wurde ich gegen 11:30 Uhr Zeuge eines erschu\u0308tternden Vorfalls, der Auslo\u0308ser fu\u0308r die Idee war die Bootsfu\u0308hrer aus den Aufnahmen heraus zu lo\u0308schen.\u00a0 Ich [&hellip;]<\/p>\n","protected":false},"author":1,"featured_media":0,"parent":0,"menu_order":0,"comment_status":"closed","ping_status":"closed","template":"elementor_header_footer","meta":{"footnotes":""},"class_list":["post-6320","page","type-page","status-publish","hentry"],"yoast_head":"<!-- This site is optimized with the Yoast SEO plugin v27.4 - https:\/\/yoast.com\/product\/yoast-seo-wordpress\/ -->\n<title>Boote Serie Venedig - High Noon<\/title>\n<meta name=\"robots\" content=\"index, follow, max-snippet:-1, max-image-preview:large, max-video-preview:-1\" \/>\n<link rel=\"canonical\" href=\"https:\/\/www.highnoon.art\/es\/boote-serie-venedig\/\" \/>\n<meta property=\"og:locale\" content=\"es_ES\" \/>\n<meta property=\"og:type\" content=\"article\" \/>\n<meta property=\"og:title\" content=\"Boote Serie Venedig - High Noon\" \/>\n<meta property=\"og:description\" content=\"F\u00fchrerlose Boote in Venedig ein Protest gegen einen rassistischen U\u0308bergriff Am 14. November 2020 habe ich morgens mit Aufnahmen fu\u0308r meine High Noon Serie in Venedig begonnen. In der Fondamenta Garzotti wurde ich gegen 11:30 Uhr Zeuge eines erschu\u0308tternden Vorfalls, der Auslo\u0308ser fu\u0308r die Idee war die Bootsfu\u0308hrer aus den Aufnahmen heraus zu lo\u0308schen.\u00a0 Ich [&hellip;]\" \/>\n<meta property=\"og:url\" content=\"https:\/\/www.highnoon.art\/es\/boote-serie-venedig\/\" \/>\n<meta property=\"og:site_name\" content=\"High Noon\" \/>\n<meta property=\"article:modified_time\" content=\"2024-09-10T19:28:45+00:00\" \/>\n<meta property=\"og:image\" content=\"https:\/\/www.highnoon.art\/wp-content\/uploads\/2021\/07\/DSF6420_Final_retouch_Virus_embedded_square-1024x1024.jpg\" \/>\n<meta name=\"twitter:card\" content=\"summary_large_image\" \/>\n<meta name=\"twitter:label1\" content=\"Tiempo de lectura\" \/>\n\t<meta name=\"twitter:data1\" content=\"3 minutos\" \/>\n<script type=\"application\/ld+json\" class=\"yoast-schema-graph\">{\"@context\":\"https:\\\/\\\/schema.org\",\"@graph\":[{\"@type\":\"WebPage\",\"@id\":\"https:\\\/\\\/www.highnoon.art\\\/boote-serie-venedig\\\/\",\"url\":\"https:\\\/\\\/www.highnoon.art\\\/boote-serie-venedig\\\/\",\"name\":\"Boote Serie Venedig - High Noon\",\"isPartOf\":{\"@id\":\"https:\\\/\\\/www.highnoon.art\\\/#website\"},\"primaryImageOfPage\":{\"@id\":\"https:\\\/\\\/www.highnoon.art\\\/boote-serie-venedig\\\/#primaryimage\"},\"image\":{\"@id\":\"https:\\\/\\\/www.highnoon.art\\\/boote-serie-venedig\\\/#primaryimage\"},\"thumbnailUrl\":\"https:\\\/\\\/www.highnoon.art\\\/wp-content\\\/uploads\\\/2021\\\/07\\\/DSF6420_Final_retouch_Virus_embedded_square-1024x1024.jpg\",\"datePublished\":\"2021-05-07T19:27:38+00:00\",\"dateModified\":\"2024-09-10T19:28:45+00:00\",\"breadcrumb\":{\"@id\":\"https:\\\/\\\/www.highnoon.art\\\/boote-serie-venedig\\\/#breadcrumb\"},\"inLanguage\":\"es\",\"potentialAction\":[{\"@type\":\"ReadAction\",\"target\":[\"https:\\\/\\\/www.highnoon.art\\\/boote-serie-venedig\\\/\"]}]},{\"@type\":\"ImageObject\",\"inLanguage\":\"es\",\"@id\":\"https:\\\/\\\/www.highnoon.art\\\/boote-serie-venedig\\\/#primaryimage\",\"url\":\"https:\\\/\\\/www.highnoon.art\\\/wp-content\\\/uploads\\\/2021\\\/07\\\/DSF6420_Final_retouch_Virus_embedded_square-1024x1024.jpg\",\"contentUrl\":\"https:\\\/\\\/www.highnoon.art\\\/wp-content\\\/uploads\\\/2021\\\/07\\\/DSF6420_Final_retouch_Virus_embedded_square-1024x1024.jpg\"},{\"@type\":\"BreadcrumbList\",\"@id\":\"https:\\\/\\\/www.highnoon.art\\\/boote-serie-venedig\\\/#breadcrumb\",\"itemListElement\":[{\"@type\":\"ListItem\",\"position\":1,\"name\":\"Startseite\",\"item\":\"https:\\\/\\\/www.highnoon.art\\\/\"},{\"@type\":\"ListItem\",\"position\":2,\"name\":\"Boote Serie Venedig\"}]},{\"@type\":\"WebSite\",\"@id\":\"https:\\\/\\\/www.highnoon.art\\\/#website\",\"url\":\"https:\\\/\\\/www.highnoon.art\\\/\",\"name\":\"High Noon\",\"description\":\"\",\"publisher\":{\"@id\":\"https:\\\/\\\/www.highnoon.art\\\/#organization\"},\"potentialAction\":[{\"@type\":\"SearchAction\",\"target\":{\"@type\":\"EntryPoint\",\"urlTemplate\":\"https:\\\/\\\/www.highnoon.art\\\/?s={search_term_string}\"},\"query-input\":{\"@type\":\"PropertyValueSpecification\",\"valueRequired\":true,\"valueName\":\"search_term_string\"}}],\"inLanguage\":\"es\"},{\"@type\":\"Organization\",\"@id\":\"https:\\\/\\\/www.highnoon.art\\\/#organization\",\"name\":\"High Noon\",\"url\":\"https:\\\/\\\/www.highnoon.art\\\/\",\"logo\":{\"@type\":\"ImageObject\",\"inLanguage\":\"es\",\"@id\":\"https:\\\/\\\/www.highnoon.art\\\/#\\\/schema\\\/logo\\\/image\\\/\",\"url\":\"https:\\\/\\\/www.highnoon.art\\\/wp-content\\\/uploads\\\/2021\\\/07\\\/high-noon_white_moved.jpg\",\"contentUrl\":\"https:\\\/\\\/www.highnoon.art\\\/wp-content\\\/uploads\\\/2021\\\/07\\\/high-noon_white_moved.jpg\",\"width\":1137,\"height\":159,\"caption\":\"High Noon\"},\"image\":{\"@id\":\"https:\\\/\\\/www.highnoon.art\\\/#\\\/schema\\\/logo\\\/image\\\/\"}}]}<\/script>\n<!-- \/ Yoast SEO plugin. -->","yoast_head_json":{"title":"Barcos Serie Venecia - High Noon","robots":{"index":"index","follow":"follow","max-snippet":"max-snippet:-1","max-image-preview":"max-image-preview:large","max-video-preview":"max-video-preview:-1"},"canonical":"https:\/\/www.highnoon.art\/es\/boote-serie-venedig\/","og_locale":"es_ES","og_type":"article","og_title":"Boote Serie Venedig - High Noon","og_description":"F\u00fchrerlose Boote in Venedig ein Protest gegen einen rassistischen U\u0308bergriff Am 14. November 2020 habe ich morgens mit Aufnahmen fu\u0308r meine High Noon Serie in Venedig begonnen. In der Fondamenta Garzotti wurde ich gegen 11:30 Uhr Zeuge eines erschu\u0308tternden Vorfalls, der Auslo\u0308ser fu\u0308r die Idee war die Bootsfu\u0308hrer aus den Aufnahmen heraus zu lo\u0308schen.\u00a0 Ich [&hellip;]","og_url":"https:\/\/www.highnoon.art\/es\/boote-serie-venedig\/","og_site_name":"High Noon","article_modified_time":"2024-09-10T19:28:45+00:00","og_image":[{"url":"https:\/\/www.highnoon.art\/wp-content\/uploads\/2021\/07\/DSF6420_Final_retouch_Virus_embedded_square-1024x1024.jpg","type":"","width":"","height":""}],"twitter_card":"summary_large_image","twitter_misc":{"Tiempo de lectura":"3 minutos"},"schema":{"@context":"https:\/\/schema.org","@graph":[{"@type":"WebPage","@id":"https:\/\/www.highnoon.art\/boote-serie-venedig\/","url":"https:\/\/www.highnoon.art\/boote-serie-venedig\/","name":"Barcos Serie Venecia - High Noon","isPartOf":{"@id":"https:\/\/www.highnoon.art\/#website"},"primaryImageOfPage":{"@id":"https:\/\/www.highnoon.art\/boote-serie-venedig\/#primaryimage"},"image":{"@id":"https:\/\/www.highnoon.art\/boote-serie-venedig\/#primaryimage"},"thumbnailUrl":"https:\/\/www.highnoon.art\/wp-content\/uploads\/2021\/07\/DSF6420_Final_retouch_Virus_embedded_square-1024x1024.jpg","datePublished":"2021-05-07T19:27:38+00:00","dateModified":"2024-09-10T19:28:45+00:00","breadcrumb":{"@id":"https:\/\/www.highnoon.art\/boote-serie-venedig\/#breadcrumb"},"inLanguage":"es","potentialAction":[{"@type":"ReadAction","target":["https:\/\/www.highnoon.art\/boote-serie-venedig\/"]}]},{"@type":"ImageObject","inLanguage":"es","@id":"https:\/\/www.highnoon.art\/boote-serie-venedig\/#primaryimage","url":"https:\/\/www.highnoon.art\/wp-content\/uploads\/2021\/07\/DSF6420_Final_retouch_Virus_embedded_square-1024x1024.jpg","contentUrl":"https:\/\/www.highnoon.art\/wp-content\/uploads\/2021\/07\/DSF6420_Final_retouch_Virus_embedded_square-1024x1024.jpg"},{"@type":"BreadcrumbList","@id":"https:\/\/www.highnoon.art\/boote-serie-venedig\/#breadcrumb","itemListElement":[{"@type":"ListItem","position":1,"name":"Startseite","item":"https:\/\/www.highnoon.art\/"},{"@type":"ListItem","position":2,"name":"Boote Serie Venedig"}]},{"@type":"WebSite","@id":"https:\/\/www.highnoon.art\/#website","url":"https:\/\/www.highnoon.art\/","name":"High Noon","description":"","publisher":{"@id":"https:\/\/www.highnoon.art\/#organization"},"potentialAction":[{"@type":"SearchAction","target":{"@type":"EntryPoint","urlTemplate":"https:\/\/www.highnoon.art\/?s={search_term_string}"},"query-input":{"@type":"PropertyValueSpecification","valueRequired":true,"valueName":"search_term_string"}}],"inLanguage":"es"},{"@type":"Organization","@id":"https:\/\/www.highnoon.art\/#organization","name":"High Noon","url":"https:\/\/www.highnoon.art\/","logo":{"@type":"ImageObject","inLanguage":"es","@id":"https:\/\/www.highnoon.art\/#\/schema\/logo\/image\/","url":"https:\/\/www.highnoon.art\/wp-content\/uploads\/2021\/07\/high-noon_white_moved.jpg","contentUrl":"https:\/\/www.highnoon.art\/wp-content\/uploads\/2021\/07\/high-noon_white_moved.jpg","width":1137,"height":159,"caption":"High Noon"},"image":{"@id":"https:\/\/www.highnoon.art\/#\/schema\/logo\/image\/"}}]}},"_links":{"self":[{"href":"https:\/\/www.highnoon.art\/es\/wp-json\/wp\/v2\/pages\/6320","targetHints":{"allow":["GET"]}}],"collection":[{"href":"https:\/\/www.highnoon.art\/es\/wp-json\/wp\/v2\/pages"}],"about":[{"href":"https:\/\/www.highnoon.art\/es\/wp-json\/wp\/v2\/types\/page"}],"author":[{"embeddable":true,"href":"https:\/\/www.highnoon.art\/es\/wp-json\/wp\/v2\/users\/1"}],"replies":[{"embeddable":true,"href":"https:\/\/www.highnoon.art\/es\/wp-json\/wp\/v2\/comments?post=6320"}],"version-history":[{"count":0,"href":"https:\/\/www.highnoon.art\/es\/wp-json\/wp\/v2\/pages\/6320\/revisions"}],"wp:attachment":[{"href":"https:\/\/www.highnoon.art\/es\/wp-json\/wp\/v2\/media?parent=6320"}],"curies":[{"name":"wp","href":"https:\/\/api.w.org\/{rel}","templated":true}]}}