{"id":23,"date":"2020-12-20T00:18:58","date_gmt":"2020-12-19T22:18:58","guid":{"rendered":"https:\/\/www.highnoon.art\/?page_id=23"},"modified":"2024-11-18T03:44:03","modified_gmt":"2024-11-18T01:44:03","slug":"ueber-high-noon-about","status":"publish","type":"page","link":"https:\/\/www.highnoon.art\/en\/","title":{"rendered":"About High Noon"},"content":{"rendered":"<div data-elementor-type=\"wp-page\" data-elementor-id=\"23\" class=\"elementor elementor-23\" data-elementor-post-type=\"page\">\n\t\t\t\t\t\t<section class=\"elementor-section elementor-top-section elementor-element elementor-element-b7d2619 elementor-section-boxed elementor-section-height-default elementor-section-height-default\" data-id=\"b7d2619\" data-element_type=\"section\" data-e-type=\"section\">\n\t\t\t\t\t\t<div class=\"elementor-container elementor-column-gap-default\">\n\t\t\t\t\t<div class=\"elementor-column elementor-col-100 elementor-top-column elementor-element elementor-element-540cb1c\" data-id=\"540cb1c\" data-element_type=\"column\" data-e-type=\"column\">\n\t\t\t<div class=\"elementor-widget-wrap elementor-element-populated\">\n\t\t\t\t\t\t<div class=\"elementor-element elementor-element-75014b0 elementor-widget elementor-widget-text-editor\" data-id=\"75014b0\" data-element_type=\"widget\" data-e-type=\"widget\" data-widget_type=\"text-editor.default\">\n\t\t\t\t<div class=\"elementor-widget-container\">\n\t\t\t\t\t\t\t\t\t<div class=\"page\" title=\"Page 1\"><div class=\"layoutArea\"><div class=\"column\"><p>The HIGH NOON series by photographer Julian Kirschlers shows deserted places he shot after restrictive measures to contain the Covid 19 pandemic were passed in various European cities. Fearing exponentially growing numbers of cases, governments around the world had imposed sometimes rigorous curfews to contain the further spread of the virus. Accompanied by an unprecedented media response, reports of caravans of corpses and ghostly cities rolled in. Eerie scenarios reminiscent of Hollywood films such as Twelve Monkeys or Outbreak have dominated media discourse ever since.<\/p><p>During the shutdown, countless ghostly photographs of empty streets and deserted squares were taken around the world. Unlike the photographs of these \"ghost towns,\" however, the images in the Hign Noon series evoke the oppressive feeling of the uncanny. Kirschler has infected the high-resolution \"graphics\" of his image sequences with a digital virus that generates fantastic pictorial spaces of the kind we know from the artificial worlds of computer games. Many of the processed raw files look as if they were programmed with a game engine. Duplicating, superimposing and shifting the shooting plane, but above all the central projection and the high-key lighting, create effects like those produced in the 3D computer graphics of first-person shooters by means of modeling, texturing, shading and reflection mapping. All images in the series also have a zoom-in\/out function when viewed on screen, suggesting that we can immerse ourselves in the images.<\/p><\/div><p>Robert Eikmeyer<\/p><p>(Excerpt from: <a href=\"https:\/\/www.highnoon.art\/wp-content\/uploads\/2021\/07\/Dr.-Robert-Eikmeyer_Der-Geist-ist-ein-Virus.-Zu-den-Fotografien-von-Julian-Kirschler.pdf\" target=\"_blank\" rel=\"noopener\">The Spirit is a Virus.<\/a> The HIGH NOON series by photographer <a href=\"https:\/\/www.highnoon.art\/wp-content\/uploads\/2021\/07\/Artiststatement_High-Noon.pdf\" target=\"_blank\" rel=\"noopener\">Julian Kirschler<\/a>, 2020)<\/p><\/div><\/div>\t\t\t\t\t\t\t\t<\/div>\n\t\t\t\t<\/div>\n\t\t\t\t\t<\/div>\n\t\t<\/div>\n\t\t\t\t\t<\/div>\n\t\t<\/section>\n\t\t\t\t<section class=\"elementor-section elementor-top-section elementor-element elementor-element-4fabddb elementor-section-boxed elementor-section-height-default elementor-section-height-default\" data-id=\"4fabddb\" data-element_type=\"section\" data-e-type=\"section\">\n\t\t\t\t\t\t<div class=\"elementor-container elementor-column-gap-default\">\n\t\t\t\t\t<div class=\"elementor-column elementor-col-100 elementor-top-column elementor-element elementor-element-b26cd39\" data-id=\"b26cd39\" data-element_type=\"column\" data-e-type=\"column\">\n\t\t\t<div class=\"elementor-widget-wrap elementor-element-populated\">\n\t\t\t\t\t\t<div class=\"elementor-element elementor-element-bfc6d38 elementor-widget elementor-widget-spacer\" data-id=\"bfc6d38\" data-element_type=\"widget\" data-e-type=\"widget\" data-widget_type=\"spacer.default\">\n\t\t\t\t<div class=\"elementor-widget-container\">\n\t\t\t\t\t\t\t<div class=\"elementor-spacer\">\n\t\t\t<div class=\"elementor-spacer-inner\"><\/div>\n\t\t<\/div>\n\t\t\t\t\t\t<\/div>\n\t\t\t\t<\/div>\n\t\t\t\t\t<\/div>\n\t\t<\/div>\n\t\t\t\t\t<\/div>\n\t\t<\/section>\n\t\t\t\t<\/div>","protected":false},"excerpt":{"rendered":"<p>Die HIGH NOON-Serie des Fotografen Julian Kirschler zeigt menschenleere Orte, die er nach dem Beschluss der restriktiven Ma\u00dfnahmen zur Eind\u00e4mmung der Covid-19-Pandemie in verschiedenen europ\u00e4ischen St\u00e4dten aufgenommen hat. Aus Angst vor exponentiell wachsenden Fallzahlen hatten die Regierungen weltweit zum Teil rigorose Ausgangsbeschr\u00e4nkungen verh\u00e4ngt, um die weitere Ausbreitung des Virus einzud\u00e4mmen. Begleitet von einem zuvor nie [&hellip;]<\/p>\n","protected":false},"author":1,"featured_media":10130,"parent":0,"menu_order":0,"comment_status":"closed","ping_status":"closed","template":"elementor_header_footer","meta":{"footnotes":""},"class_list":["post-23","page","type-page","status-publish","has-post-thumbnail","hentry"],"yoast_head":"<!-- This site is optimized with the Yoast SEO plugin v27.5 - https:\/\/yoast.com\/product\/yoast-seo-wordpress\/ -->\n<title>\u00dcber High Noon - High Noon<\/title>\n<meta name=\"description\" content=\"Die HIGH NOON-Serie des Fotografen Julian Kirschler zeigt menschenleere Orte, die er nach dem Beschluss der restriktiven Ma\u00dfnahmen zur Eind\u00e4mmung der Covid-19-Pandemie in verschiedenen europ\u00e4ischen St\u00e4dten aufgenommen hat.\" \/>\n<meta name=\"robots\" content=\"index, follow, max-snippet:-1, max-image-preview:large, max-video-preview:-1\" \/>\n<link rel=\"canonical\" href=\"https:\/\/www.highnoon.art\/en\/\" \/>\n<meta property=\"og:locale\" content=\"en_GB\" \/>\n<meta property=\"og:type\" content=\"article\" \/>\n<meta property=\"og:title\" content=\"\u00dcber High Noon - High Noon\" \/>\n<meta property=\"og:description\" content=\"Die HIGH NOON-Serie des Fotografen Julian Kirschler zeigt menschenleere Orte, die er nach dem Beschluss der restriktiven Ma\u00dfnahmen zur Eind\u00e4mmung der Covid-19-Pandemie in verschiedenen europ\u00e4ischen St\u00e4dten aufgenommen hat.\" \/>\n<meta property=\"og:url\" content=\"https:\/\/www.highnoon.art\/en\/\" \/>\n<meta property=\"og:site_name\" content=\"High Noon\" \/>\n<meta property=\"article:modified_time\" content=\"2024-11-18T01:44:03+00:00\" \/>\n<meta property=\"og:image\" content=\"https:\/\/www.highnoon.art\/wp-content\/uploads\/2021\/07\/Cloud-Optimiert.png\" \/>\n\t<meta property=\"og:image:width\" content=\"1080\" \/>\n\t<meta property=\"og:image:height\" content=\"1080\" \/>\n\t<meta property=\"og:image:type\" content=\"image\/png\" \/>\n<meta name=\"twitter:card\" content=\"summary_large_image\" \/>\n<meta name=\"twitter:label1\" content=\"Estimated reading time\" \/>\n\t<meta name=\"twitter:data1\" content=\"2 minutes\" \/>\n<script type=\"application\/ld+json\" class=\"yoast-schema-graph\">{\"@context\":\"https:\\\/\\\/schema.org\",\"@graph\":[{\"@type\":\"WebPage\",\"@id\":\"https:\\\/\\\/www.highnoon.art\\\/\",\"url\":\"https:\\\/\\\/www.highnoon.art\\\/\",\"name\":\"\u00dcber High Noon - High Noon\",\"isPartOf\":{\"@id\":\"https:\\\/\\\/www.highnoon.art\\\/#website\"},\"primaryImageOfPage\":{\"@id\":\"https:\\\/\\\/www.highnoon.art\\\/#primaryimage\"},\"image\":{\"@id\":\"https:\\\/\\\/www.highnoon.art\\\/#primaryimage\"},\"thumbnailUrl\":\"https:\\\/\\\/www.highnoon.art\\\/wp-content\\\/uploads\\\/2021\\\/07\\\/Cloud-Optimiert.png\",\"datePublished\":\"2020-12-19T22:18:58+00:00\",\"dateModified\":\"2024-11-18T01:44:03+00:00\",\"description\":\"Die HIGH NOON-Serie des Fotografen Julian Kirschler zeigt menschenleere Orte, die er nach dem Beschluss der restriktiven Ma\u00dfnahmen zur Eind\u00e4mmung der Covid-19-Pandemie in verschiedenen europ\u00e4ischen St\u00e4dten aufgenommen hat.\",\"breadcrumb\":{\"@id\":\"https:\\\/\\\/www.highnoon.art\\\/#breadcrumb\"},\"inLanguage\":\"en-GB\",\"potentialAction\":[{\"@type\":\"ReadAction\",\"target\":[\"https:\\\/\\\/www.highnoon.art\\\/\"]}]},{\"@type\":\"ImageObject\",\"inLanguage\":\"en-GB\",\"@id\":\"https:\\\/\\\/www.highnoon.art\\\/#primaryimage\",\"url\":\"https:\\\/\\\/www.highnoon.art\\\/wp-content\\\/uploads\\\/2021\\\/07\\\/Cloud-Optimiert.png\",\"contentUrl\":\"https:\\\/\\\/www.highnoon.art\\\/wp-content\\\/uploads\\\/2021\\\/07\\\/Cloud-Optimiert.png\",\"width\":1080,\"height\":1080},{\"@type\":\"BreadcrumbList\",\"@id\":\"https:\\\/\\\/www.highnoon.art\\\/#breadcrumb\",\"itemListElement\":[{\"@type\":\"ListItem\",\"position\":1,\"name\":\"Startseite\",\"item\":\"https:\\\/\\\/www.highnoon.art\\\/\"},{\"@type\":\"ListItem\",\"position\":2,\"name\":\"\u00dcber High Noon\"}]},{\"@type\":\"WebSite\",\"@id\":\"https:\\\/\\\/www.highnoon.art\\\/#website\",\"url\":\"https:\\\/\\\/www.highnoon.art\\\/\",\"name\":\"High Noon\",\"description\":\"\",\"publisher\":{\"@id\":\"https:\\\/\\\/www.highnoon.art\\\/#organization\"},\"potentialAction\":[{\"@type\":\"SearchAction\",\"target\":{\"@type\":\"EntryPoint\",\"urlTemplate\":\"https:\\\/\\\/www.highnoon.art\\\/?s={search_term_string}\"},\"query-input\":{\"@type\":\"PropertyValueSpecification\",\"valueRequired\":true,\"valueName\":\"search_term_string\"}}],\"inLanguage\":\"en-GB\"},{\"@type\":\"Organization\",\"@id\":\"https:\\\/\\\/www.highnoon.art\\\/#organization\",\"name\":\"High Noon\",\"url\":\"https:\\\/\\\/www.highnoon.art\\\/\",\"logo\":{\"@type\":\"ImageObject\",\"inLanguage\":\"en-GB\",\"@id\":\"https:\\\/\\\/www.highnoon.art\\\/#\\\/schema\\\/logo\\\/image\\\/\",\"url\":\"https:\\\/\\\/www.highnoon.art\\\/wp-content\\\/uploads\\\/2021\\\/07\\\/high-noon_white_moved.jpg\",\"contentUrl\":\"https:\\\/\\\/www.highnoon.art\\\/wp-content\\\/uploads\\\/2021\\\/07\\\/high-noon_white_moved.jpg\",\"width\":1137,\"height\":159,\"caption\":\"High Noon\"},\"image\":{\"@id\":\"https:\\\/\\\/www.highnoon.art\\\/#\\\/schema\\\/logo\\\/image\\\/\"}}]}<\/script>\n<!-- \/ Yoast SEO plugin. -->","yoast_head_json":{"title":"About High Noon - High Noon","description":"The HIGH NOON series by photographer Julian Kirschler shows deserted places that he photographed in various European cities after the restrictive measures to contain the Covid 19 pandemic were passed.","robots":{"index":"index","follow":"follow","max-snippet":"max-snippet:-1","max-image-preview":"max-image-preview:large","max-video-preview":"max-video-preview:-1"},"canonical":"https:\/\/www.highnoon.art\/en\/","og_locale":"en_GB","og_type":"article","og_title":"\u00dcber High Noon - High Noon","og_description":"Die HIGH NOON-Serie des Fotografen Julian Kirschler zeigt menschenleere Orte, die er nach dem Beschluss der restriktiven Ma\u00dfnahmen zur Eind\u00e4mmung der Covid-19-Pandemie in verschiedenen europ\u00e4ischen St\u00e4dten aufgenommen hat.","og_url":"https:\/\/www.highnoon.art\/en\/","og_site_name":"High Noon","article_modified_time":"2024-11-18T01:44:03+00:00","og_image":[{"width":1080,"height":1080,"url":"https:\/\/www.highnoon.art\/wp-content\/uploads\/2021\/07\/Cloud-Optimiert.png","type":"image\/png"}],"twitter_card":"summary_large_image","twitter_misc":{"Estimated reading time":"2 minutes"},"schema":{"@context":"https:\/\/schema.org","@graph":[{"@type":"WebPage","@id":"https:\/\/www.highnoon.art\/","url":"https:\/\/www.highnoon.art\/","name":"About High Noon - High Noon","isPartOf":{"@id":"https:\/\/www.highnoon.art\/#website"},"primaryImageOfPage":{"@id":"https:\/\/www.highnoon.art\/#primaryimage"},"image":{"@id":"https:\/\/www.highnoon.art\/#primaryimage"},"thumbnailUrl":"https:\/\/www.highnoon.art\/wp-content\/uploads\/2021\/07\/Cloud-Optimiert.png","datePublished":"2020-12-19T22:18:58+00:00","dateModified":"2024-11-18T01:44:03+00:00","description":"The HIGH NOON series by photographer Julian Kirschler shows deserted places that he photographed in various European cities after the restrictive measures to contain the Covid 19 pandemic were passed.","breadcrumb":{"@id":"https:\/\/www.highnoon.art\/#breadcrumb"},"inLanguage":"en-GB","potentialAction":[{"@type":"ReadAction","target":["https:\/\/www.highnoon.art\/"]}]},{"@type":"ImageObject","inLanguage":"en-GB","@id":"https:\/\/www.highnoon.art\/#primaryimage","url":"https:\/\/www.highnoon.art\/wp-content\/uploads\/2021\/07\/Cloud-Optimiert.png","contentUrl":"https:\/\/www.highnoon.art\/wp-content\/uploads\/2021\/07\/Cloud-Optimiert.png","width":1080,"height":1080},{"@type":"BreadcrumbList","@id":"https:\/\/www.highnoon.art\/#breadcrumb","itemListElement":[{"@type":"ListItem","position":1,"name":"Startseite","item":"https:\/\/www.highnoon.art\/"},{"@type":"ListItem","position":2,"name":"\u00dcber High Noon"}]},{"@type":"WebSite","@id":"https:\/\/www.highnoon.art\/#website","url":"https:\/\/www.highnoon.art\/","name":"High Noon","description":"","publisher":{"@id":"https:\/\/www.highnoon.art\/#organization"},"potentialAction":[{"@type":"SearchAction","target":{"@type":"EntryPoint","urlTemplate":"https:\/\/www.highnoon.art\/?s={search_term_string}"},"query-input":{"@type":"PropertyValueSpecification","valueRequired":true,"valueName":"search_term_string"}}],"inLanguage":"en-GB"},{"@type":"Organization","@id":"https:\/\/www.highnoon.art\/#organization","name":"High Noon","url":"https:\/\/www.highnoon.art\/","logo":{"@type":"ImageObject","inLanguage":"en-GB","@id":"https:\/\/www.highnoon.art\/#\/schema\/logo\/image\/","url":"https:\/\/www.highnoon.art\/wp-content\/uploads\/2021\/07\/high-noon_white_moved.jpg","contentUrl":"https:\/\/www.highnoon.art\/wp-content\/uploads\/2021\/07\/high-noon_white_moved.jpg","width":1137,"height":159,"caption":"High Noon"},"image":{"@id":"https:\/\/www.highnoon.art\/#\/schema\/logo\/image\/"}}]}},"_links":{"self":[{"href":"https:\/\/www.highnoon.art\/en\/wp-json\/wp\/v2\/pages\/23","targetHints":{"allow":["GET"]}}],"collection":[{"href":"https:\/\/www.highnoon.art\/en\/wp-json\/wp\/v2\/pages"}],"about":[{"href":"https:\/\/www.highnoon.art\/en\/wp-json\/wp\/v2\/types\/page"}],"author":[{"embeddable":true,"href":"https:\/\/www.highnoon.art\/en\/wp-json\/wp\/v2\/users\/1"}],"replies":[{"embeddable":true,"href":"https:\/\/www.highnoon.art\/en\/wp-json\/wp\/v2\/comments?post=23"}],"version-history":[{"count":0,"href":"https:\/\/www.highnoon.art\/en\/wp-json\/wp\/v2\/pages\/23\/revisions"}],"wp:featuredmedia":[{"embeddable":true,"href":"https:\/\/www.highnoon.art\/en\/wp-json\/wp\/v2\/media\/10130"}],"wp:attachment":[{"href":"https:\/\/www.highnoon.art\/en\/wp-json\/wp\/v2\/media?parent=23"}],"curies":[{"name":"wp","href":"https:\/\/api.w.org\/{rel}","templated":true}]}}